{"id":54642,"date":"2023-12-08T15:05:43","date_gmt":"2023-12-08T20:05:43","guid":{"rendered":"https:\/\/buzonusa.us\/aplicaciones\/aplicaciones-residenciales\/adoquines-de-porcelana-sobre-viguetas\/"},"modified":"2025-06-18T06:28:02","modified_gmt":"2025-06-18T10:28:02","slug":"adoquines-de-porcelana-sobre-viguetas","status":"publish","type":"page","link":"https:\/\/buzonusa.us\/es\/aplicaciones\/aplicaciones-residenciales\/adoquines-de-porcelana-sobre-viguetas\/","title":{"rendered":"Adoquines de porcelana sobre viguetas"},"content":{"rendered":"<section class=\"l-section wpb_row height_auto\"><div class=\"l-section-h i-cf\"><div class=\"g-cols vc_row via_flex valign_top type_default stacking_default\"><div class=\"vc_col-sm-12 wpb_column vc_column_container\"><div class=\"vc_column-inner\"><div class=\"wpb_wrapper\">[vc_raw_html]W3dwc2VvX2JyZWFkY3J1bWJd[\/vc_raw_html]<\/div><\/div><\/div><\/div><\/div><\/section><section class=\"l-section wpb_row height_medium\"><div class=\"l-section-h i-cf\"><div class=\"g-cols vc_row via_flex valign_top type_default stacking_default\"><div class=\"vc_col-sm-12 wpb_column vc_column_container\"><div class=\"vc_column-inner\"><div class=\"wpb_wrapper\"><div class=\"wpb_text_column longline\"><div class=\"wpb_wrapper\"><h2>Adoquines de porcelana sobre viguetas<\/h2>\n<\/div><\/div><div class=\"w-separator size_medium\"><\/div><div class=\"wpb_text_column\"><div class=\"wpb_wrapper\"><p style=\"text-align: left;\"><strong>Nuestro nuevo sistema E-BRS. Pr\u00f3ximamente.<\/strong><\/p>\n<\/div><\/div><div class=\"w-grid blacksqgrid2 type_grid layout_6689 cols_2 preload_style_spinner\" id=\"us_grid_1\" style=\"--columns:2;--gap:25px;\"><style>@media (max-width:786px){#us_grid_1{--columns:1!important}}.layout_6689 .w-grid-item-h{}.layout_6689 .usg_post_custom_field_1{margin-top:30px!important;margin-bottom:30px!important}.layout_6689 .usg_post_custom_field_3{font-weight:700!important}<\/style><div class=\"w-grid-list\">\t<article class=\"w-grid-item size_1x1 post-54052 page type-page status-publish has-post-thumbnail hentry accesories_category-serie-pb accesories_category-serie-dph accesories_category-accesorios-estandar accesories_category-terraza-de-baldosas-sobre-vigas accesories_category-terraza-de-baldosas-sobre-vigas-es accesories_category-accesorios-estandar-es accesories_category_type-serie-pb accesories_category_type-serie-dph accessories_categories_subtype-accesorios-estandar accessories_categories_applica-terraza-de-baldosas-sobre-vigas\" data-id=\"54052\">\r\n\t\t<div class=\"w-grid-item-h\">\r\n\t\t\t\t\t\t<div class=\"w-post-elm post_image usg_post_image_2 aspectsquare has_ratio\"><a href=\"https:\/\/buzonusa.us\/es\/productos\/sistema-de-apoyo\/u-brs-b\/\" aria-label=\"U-BRS-B\"><img loading=\"lazy\" decoding=\"async\" width=\"300\" height=\"153\" src=\"https:\/\/buzonusa.us\/wp-content\/uploads\/2023\/05\/overview-page-PB-JOISTS-U-BRS-B-300x153.png\" class=\"attachment-medium size-medium wp-post-image\" alt=\"\" \/><\/a><div style=\"padding-bottom:50.9434%\"><\/div><\/div><h3 class=\"w-post-elm post_custom_field usg_post_custom_field_1 longline type_text grid_title color_link_inherit\"><span class=\"w-post-elm-value\">Viga para tejas - Negra<\/span><\/h3><p class=\"w-post-elm post_custom_field usg_post_custom_field_2 type_text advantages color_link_inherit\"><span class=\"w-post-elm-before\">Ventajas: <\/span><span class=\"w-post-elm-value\"><ul>\n<li>Instalaci\u00f3n r\u00e1pida y sencilla<\/li>\n<li>Garantiza una gran estabilidad de los voladizos<\/li>\n<li>Posibilidad de colocar adoquines de gran formato<\/li>\n<li>Respeto de la membrana impermeabilizante<\/li>\n<li>Soluci\u00f3n sostenible<\/li>\n<li>Accesorios para el acabado de la terraza<\/li>\n<li>Evita los reflejos<\/li>\n<li>Mayor resistencia a la erosi\u00f3n<\/li>\n<li>Resistencia a la corrosi\u00f3n (cloro, hormig\u00f3n h\u00famedo, agua de mar, arena y sal)<\/li>\n<\/ul>\n<\/span><\/p><div class=\"w-html usg_html_2\"><br><\/div><span class=\"w-post-elm post_custom_field usg_post_custom_field_3 type_text extra_info_ color_link_inherit\"><p>Requiere el uso de pedestales PB o DPH.<\/p>\n<\/span><div class=\"w-html usg_html_3\"><br><\/div><span class=\"w-post-elm post_custom_field usg_post_custom_field_4 type_text revetements color_link_inherit\"><span class=\"w-post-elm-before\">Revestimiento: <\/span><span class=\"w-post-elm-value\">baldosas de cer\u00e1mica, piedras naturales, hormig\u00f3n, rejillas...<\/span><\/span><div class=\"w-html usg_html_1\"><br><\/div><a class=\"w-btn us-btn-style_3 usg_btn_1 buttonabsolutebottom\" href=\"https:\/\/buzonusa.us\/es\/productos\/sistema-de-apoyo\/u-brs-b\/\"><span class=\"w-btn-label\">Seguir leyendo<\/span><\/a>\t\t<\/div>\r\n\t\t\t<\/article>\r\n<\/div><div class=\"w-grid-preloader\">\t<div class=\"g-preloader type_1\">\r\n\t\t<div><\/div>\r\n\t<\/div>\r\n\t<\/div>\t<div class=\"w-grid-json hidden\" onclick='return {&quot;action&quot;:&quot;us_ajax_grid&quot;,&quot;infinite_scroll&quot;:0,&quot;max_num_pages&quot;:1,&quot;pagination&quot;:&quot;none&quot;,&quot;template_vars&quot;:{&quot;columns&quot;:&quot;2&quot;,&quot;exclude_items&quot;:&quot;none&quot;,&quot;img_size&quot;:&quot;default&quot;,&quot;ignore_items_size&quot;:0,&quot;items_layout&quot;:&quot;6689&quot;,&quot;items_offset&quot;:&quot;1&quot;,&quot;load_animation&quot;:&quot;none&quot;,&quot;overriding_link&quot;:&quot;{\\&quot;url\\&quot;:\\&quot;\\&quot;}&quot;,&quot;post_id&quot;:0,&quot;query_args&quot;:{&quot;ignore_sticky_posts&quot;:1,&quot;post_type&quot;:&quot;any&quot;,&quot;post__in&quot;:[&quot;1338&quot;,&quot;1342&quot;],&quot;posts_per_page&quot;:999},&quot;orderby_query_args&quot;:{&quot;orderby&quot;:{&quot;post__in&quot;:&quot;ASC&quot;},&quot;order&quot;:&quot;ASC&quot;},&quot;type&quot;:&quot;grid&quot;,&quot;us_grid_post_type&quot;:&quot;ids&quot;,&quot;us_grid_ajax_index&quot;:1,&quot;us_grid_filter_query_string&quot;:null,&quot;us_grid_index&quot;:1,&quot;page_args&quot;:[],&quot;lang&quot;:&quot;es&quot;}}'><\/div>\r\n\t<\/div><\/div><\/div><\/div><\/div><\/div><\/section><section class=\"l-section wpb_row height_auto\"><div class=\"l-section-h i-cf\"><div class=\"g-cols vc_row via_flex valign_top type_default stacking_default\"><div class=\"vc_col-sm-12 wpb_column vc_column_container\"><div class=\"vc_column-inner\"><div class=\"wpb_wrapper\"><\/div><\/div><\/div><\/div><\/div><\/section>\n","protected":false},"excerpt":{"rendered":"[vc_raw_html]W3dwc2VvX2JyZWFkY3J1bWJdCg==[\/vc_raw_html]2023-12-08U-BRS-B Viga de aluminio Las viguetas de aluminio U-BRS-B permiten y facilitan la instalaci\u00f3n de adoquines cer\u00e1micos de 20 mm de todos los grosores. El tiempo ahorrado y la mayor estabilidad de la estructura har\u00e1n las delicias de los profesionales. Su grosor de s\u00f3lo 38 mm s\u00f3lo requiere una abertura de 55 mm como m\u00ednimo...","protected":false},"author":1,"featured_media":54000,"parent":54082,"menu_order":1,"comment_status":"closed","ping_status":"closed","template":"","meta":{"_acf_changed":false,"footnotes":""},"accesories_category":[],"sizes":[],"plot_serie":[],"accesories_category_type":[],"accessories_categories_subtype":[],"accessories_categories_applica":[],"class_list":["post-54642","page","type-page","status-publish","has-post-thumbnail","hentry"],"acf":[],"yoast_head":"<!-- This site is optimized with the Yoast SEO plugin v26.3 - https:\/\/yoast.com\/wordpress\/plugins\/seo\/ -->\n<title>Adoquines de porcelana sobre viguetas - Buzon USA<\/title>\n<meta name=\"robots\" content=\"index, follow, max-snippet:-1, max-image-preview:large, max-video-preview:-1\" \/>\n<link rel=\"canonical\" href=\"https:\/\/buzonusa.us\/es\/aplicaciones\/aplicaciones-residenciales\/adoquines-de-porcelana-sobre-viguetas\/\" \/>\n<meta property=\"og:locale\" content=\"es_ES\" \/>\n<meta property=\"og:type\" content=\"article\" \/>\n<meta property=\"og:title\" content=\"Adoquines de porcelana sobre viguetas - Buzon USA\" \/>\n<meta property=\"og:url\" content=\"https:\/\/buzonusa.us\/es\/aplicaciones\/aplicaciones-residenciales\/adoquines-de-porcelana-sobre-viguetas\/\" \/>\n<meta property=\"og:site_name\" content=\"Buzon USA\" \/>\n<meta property=\"article:modified_time\" content=\"2025-06-18T10:28:02+00:00\" \/>\n<meta property=\"og:image\" content=\"https:\/\/buzonusa.us\/wp-content\/uploads\/2024\/11\/E-BRS-41-background.jpg\" \/>\n\t<meta property=\"og:image:width\" content=\"2000\" \/>\n\t<meta property=\"og:image:height\" content=\"2000\" \/>\n\t<meta property=\"og:image:type\" content=\"image\/jpeg\" \/>\n<meta name=\"twitter:card\" content=\"summary_large_image\" \/>\n<script type=\"application\/ld+json\" class=\"yoast-schema-graph\">{\"@context\":\"https:\/\/schema.org\",\"@graph\":[{\"@type\":\"WebPage\",\"@id\":\"https:\/\/buzonusa.us\/es\/aplicaciones\/aplicaciones-residenciales\/adoquines-de-porcelana-sobre-viguetas\/\",\"url\":\"https:\/\/buzonusa.us\/es\/aplicaciones\/aplicaciones-residenciales\/adoquines-de-porcelana-sobre-viguetas\/\",\"name\":\"Adoquines de porcelana sobre viguetas - Buzon USA\",\"isPartOf\":{\"@id\":\"https:\/\/buzonusa.us\/#website\"},\"primaryImageOfPage\":{\"@id\":\"https:\/\/buzonusa.us\/es\/aplicaciones\/aplicaciones-residenciales\/adoquines-de-porcelana-sobre-viguetas\/#primaryimage\"},\"image\":{\"@id\":\"https:\/\/buzonusa.us\/es\/aplicaciones\/aplicaciones-residenciales\/adoquines-de-porcelana-sobre-viguetas\/#primaryimage\"},\"thumbnailUrl\":\"https:\/\/buzonusa.us\/wp-content\/uploads\/2024\/11\/E-BRS-41-background.jpg\",\"datePublished\":\"2023-12-08T20:05:43+00:00\",\"dateModified\":\"2025-06-18T10:28:02+00:00\",\"breadcrumb\":{\"@id\":\"https:\/\/buzonusa.us\/es\/aplicaciones\/aplicaciones-residenciales\/adoquines-de-porcelana-sobre-viguetas\/#breadcrumb\"},\"inLanguage\":\"es\",\"potentialAction\":[{\"@type\":\"ReadAction\",\"target\":[\"https:\/\/buzonusa.us\/es\/aplicaciones\/aplicaciones-residenciales\/adoquines-de-porcelana-sobre-viguetas\/\"]}]},{\"@type\":\"ImageObject\",\"inLanguage\":\"es\",\"@id\":\"https:\/\/buzonusa.us\/es\/aplicaciones\/aplicaciones-residenciales\/adoquines-de-porcelana-sobre-viguetas\/#primaryimage\",\"url\":\"https:\/\/buzonusa.us\/wp-content\/uploads\/2024\/11\/E-BRS-41-background.jpg\",\"contentUrl\":\"https:\/\/buzonusa.us\/wp-content\/uploads\/2024\/11\/E-BRS-41-background.jpg\",\"width\":2000,\"height\":2000},{\"@type\":\"BreadcrumbList\",\"@id\":\"https:\/\/buzonusa.us\/es\/aplicaciones\/aplicaciones-residenciales\/adoquines-de-porcelana-sobre-viguetas\/#breadcrumb\",\"itemListElement\":[{\"@type\":\"ListItem\",\"position\":1,\"name\":\"Home\",\"item\":\"https:\/\/buzonusa.us\/es\/\"},{\"@type\":\"ListItem\",\"position\":2,\"name\":\"Aplicaciones\",\"item\":\"https:\/\/buzonusa.us\/es\/aplicaciones\/\"},{\"@type\":\"ListItem\",\"position\":3,\"name\":\"Aplicaciones residenciales\",\"item\":\"https:\/\/buzonusa.us\/es\/aplicaciones\/aplicaciones-residenciales\/\"},{\"@type\":\"ListItem\",\"position\":4,\"name\":\"Adoquines de porcelana sobre viguetas\"}]},{\"@type\":\"WebSite\",\"@id\":\"https:\/\/buzonusa.us\/#website\",\"url\":\"https:\/\/buzonusa.us\/\",\"name\":\"Buzon USA\",\"description\":\"\",\"potentialAction\":[{\"@type\":\"SearchAction\",\"target\":{\"@type\":\"EntryPoint\",\"urlTemplate\":\"https:\/\/buzonusa.us\/?s={search_term_string}\"},\"query-input\":{\"@type\":\"PropertyValueSpecification\",\"valueRequired\":true,\"valueName\":\"search_term_string\"}}],\"inLanguage\":\"es\"}]}<\/script>\n<!-- \/ Yoast SEO plugin. -->","yoast_head_json":{"title":"Adoquines de porcelana sobre viguetas - Buzon USA","robots":{"index":"index","follow":"follow","max-snippet":"max-snippet:-1","max-image-preview":"max-image-preview:large","max-video-preview":"max-video-preview:-1"},"canonical":"https:\/\/buzonusa.us\/es\/aplicaciones\/aplicaciones-residenciales\/adoquines-de-porcelana-sobre-viguetas\/","og_locale":"es_ES","og_type":"article","og_title":"Adoquines de porcelana sobre viguetas - Buzon USA","og_url":"https:\/\/buzonusa.us\/es\/aplicaciones\/aplicaciones-residenciales\/adoquines-de-porcelana-sobre-viguetas\/","og_site_name":"Buzon USA","article_modified_time":"2025-06-18T10:28:02+00:00","og_image":[{"width":2000,"height":2000,"url":"https:\/\/buzonusa.us\/wp-content\/uploads\/2024\/11\/E-BRS-41-background.jpg","type":"image\/jpeg"}],"twitter_card":"summary_large_image","schema":{"@context":"https:\/\/schema.org","@graph":[{"@type":"WebPage","@id":"https:\/\/buzonusa.us\/es\/aplicaciones\/aplicaciones-residenciales\/adoquines-de-porcelana-sobre-viguetas\/","url":"https:\/\/buzonusa.us\/es\/aplicaciones\/aplicaciones-residenciales\/adoquines-de-porcelana-sobre-viguetas\/","name":"Adoquines de porcelana sobre viguetas - Buzon USA","isPartOf":{"@id":"https:\/\/buzonusa.us\/#website"},"primaryImageOfPage":{"@id":"https:\/\/buzonusa.us\/es\/aplicaciones\/aplicaciones-residenciales\/adoquines-de-porcelana-sobre-viguetas\/#primaryimage"},"image":{"@id":"https:\/\/buzonusa.us\/es\/aplicaciones\/aplicaciones-residenciales\/adoquines-de-porcelana-sobre-viguetas\/#primaryimage"},"thumbnailUrl":"https:\/\/buzonusa.us\/wp-content\/uploads\/2024\/11\/E-BRS-41-background.jpg","datePublished":"2023-12-08T20:05:43+00:00","dateModified":"2025-06-18T10:28:02+00:00","breadcrumb":{"@id":"https:\/\/buzonusa.us\/es\/aplicaciones\/aplicaciones-residenciales\/adoquines-de-porcelana-sobre-viguetas\/#breadcrumb"},"inLanguage":"es","potentialAction":[{"@type":"ReadAction","target":["https:\/\/buzonusa.us\/es\/aplicaciones\/aplicaciones-residenciales\/adoquines-de-porcelana-sobre-viguetas\/"]}]},{"@type":"ImageObject","inLanguage":"es","@id":"https:\/\/buzonusa.us\/es\/aplicaciones\/aplicaciones-residenciales\/adoquines-de-porcelana-sobre-viguetas\/#primaryimage","url":"https:\/\/buzonusa.us\/wp-content\/uploads\/2024\/11\/E-BRS-41-background.jpg","contentUrl":"https:\/\/buzonusa.us\/wp-content\/uploads\/2024\/11\/E-BRS-41-background.jpg","width":2000,"height":2000},{"@type":"BreadcrumbList","@id":"https:\/\/buzonusa.us\/es\/aplicaciones\/aplicaciones-residenciales\/adoquines-de-porcelana-sobre-viguetas\/#breadcrumb","itemListElement":[{"@type":"ListItem","position":1,"name":"Home","item":"https:\/\/buzonusa.us\/es\/"},{"@type":"ListItem","position":2,"name":"Aplicaciones","item":"https:\/\/buzonusa.us\/es\/aplicaciones\/"},{"@type":"ListItem","position":3,"name":"Aplicaciones residenciales","item":"https:\/\/buzonusa.us\/es\/aplicaciones\/aplicaciones-residenciales\/"},{"@type":"ListItem","position":4,"name":"Adoquines de porcelana sobre viguetas"}]},{"@type":"WebSite","@id":"https:\/\/buzonusa.us\/#website","url":"https:\/\/buzonusa.us\/","name":"Buzon USA","description":"","potentialAction":[{"@type":"SearchAction","target":{"@type":"EntryPoint","urlTemplate":"https:\/\/buzonusa.us\/?s={search_term_string}"},"query-input":{"@type":"PropertyValueSpecification","valueRequired":true,"valueName":"search_term_string"}}],"inLanguage":"es"}]}},"_links":{"self":[{"href":"https:\/\/buzonusa.us\/es\/wp-json\/wp\/v2\/pages\/54642","targetHints":{"allow":["GET"]}}],"collection":[{"href":"https:\/\/buzonusa.us\/es\/wp-json\/wp\/v2\/pages"}],"about":[{"href":"https:\/\/buzonusa.us\/es\/wp-json\/wp\/v2\/types\/page"}],"author":[{"embeddable":true,"href":"https:\/\/buzonusa.us\/es\/wp-json\/wp\/v2\/users\/1"}],"replies":[{"embeddable":true,"href":"https:\/\/buzonusa.us\/es\/wp-json\/wp\/v2\/comments?post=54642"}],"version-history":[{"count":1,"href":"https:\/\/buzonusa.us\/es\/wp-json\/wp\/v2\/pages\/54642\/revisions"}],"predecessor-version":[{"id":54647,"href":"https:\/\/buzonusa.us\/es\/wp-json\/wp\/v2\/pages\/54642\/revisions\/54647"}],"up":[{"embeddable":true,"href":"https:\/\/buzonusa.us\/es\/wp-json\/wp\/v2\/pages\/54082"}],"wp:featuredmedia":[{"embeddable":true,"href":"https:\/\/buzonusa.us\/es\/wp-json\/wp\/v2\/media\/54000"}],"wp:attachment":[{"href":"https:\/\/buzonusa.us\/es\/wp-json\/wp\/v2\/media?parent=54642"}],"wp:term":[{"taxonomy":"accesories_category","embeddable":true,"href":"https:\/\/buzonusa.us\/es\/wp-json\/wp\/v2\/accesories_category?post=54642"},{"taxonomy":"sizes","embeddable":true,"href":"https:\/\/buzonusa.us\/es\/wp-json\/wp\/v2\/sizes?post=54642"},{"taxonomy":"plot_serie","embeddable":true,"href":"https:\/\/buzonusa.us\/es\/wp-json\/wp\/v2\/plot_serie?post=54642"},{"taxonomy":"accesories_category_type","embeddable":true,"href":"https:\/\/buzonusa.us\/es\/wp-json\/wp\/v2\/accesories_category_type?post=54642"},{"taxonomy":"accessories_categories_subtype","embeddable":true,"href":"https:\/\/buzonusa.us\/es\/wp-json\/wp\/v2\/accessories_categories_subtype?post=54642"},{"taxonomy":"accessories_categories_applica","embeddable":true,"href":"https:\/\/buzonusa.us\/es\/wp-json\/wp\/v2\/accessories_categories_applica?post=54642"}],"curies":[{"name":"wp","href":"https:\/\/api.w.org\/{rel}","templated":true}]}}