{"id":54465,"date":"2022-07-05T15:50:11","date_gmt":"2022-07-05T19:50:11","guid":{"rendered":"https:\/\/buzonusa.us\/sobre-nosotros\/nuestros-compromisos\/"},"modified":"2025-06-18T06:27:29","modified_gmt":"2025-06-18T10:27:29","slug":"nuestros-compromisos","status":"publish","type":"page","link":"https:\/\/buzonusa.us\/es\/sobre-nosotros\/nuestros-compromisos\/","title":{"rendered":"Nuestros compromisos"},"content":{"rendered":"<section class=\"l-section wpb_row height_auto\"><div class=\"l-section-h i-cf\"><div class=\"g-cols vc_row via_flex valign_top type_default reversed stacking_default\"><div class=\"vc_col-sm-12 wpb_column vc_column_container\"><div class=\"vc_column-inner\"><div class=\"wpb_wrapper\">[vc_raw_html]W3dwc2VvX2JyZWFkY3J1bWJdCg==[\/vc_raw_html]<div class=\"w-separator size_medium\"><\/div><div class=\"wpb_text_column\"><div class=\"wpb_wrapper\"><h1>Nuestros compromisos<\/h1>\n<\/div><\/div><\/div><\/div><\/div><\/div><\/div><\/section><section class=\"l-section wpb_row blackcols height_medium\"><div class=\"l-section-h i-cf\"><div class=\"g-cols vc_row via_flex valign_top type_boxes stacking_default\" style=\"--additional-gap:15px;\"><div class=\"vc_col-sm-6 wpb_column vc_column_container\"><div class=\"vc_column-inner\"><div class=\"wpb_wrapper\"><div class=\"w-image has_ratio align_none\"><div class=\"w-image-h\"><div style=\"padding-bottom:50.9434%\"><\/div><img decoding=\"async\" width=\"1024\" height=\"719\" src=\"https:\/\/buzonusa.us\/wp-content\/uploads\/2023\/12\/Usine-Moldes-1024x719.jpg\" class=\"attachment-large size-large\" alt=\"\" loading=\"lazy\" \/><\/div><\/div><div class=\"w-separator size_medium\"><\/div><div class=\"wpb_text_column\"><div class=\"wpb_wrapper\"><h2>100% FABRICADO<br \/>\nEN EUROPA<\/h2>\n<p>Todos nuestros productos se crean, designan y fabrican en Europa. Nuestro departamento de investigaci\u00f3n y desarrollo trabaja duro para ofrecer a nuestros clientes un soporte de terraza de excelencia. El 90% de nuestros productos proceden de la f\u00e1brica de Overpelt (B\u00e9lgica). El resto de nuestros productos se fabrican en Europa.<\/p>\n<\/div><\/div><\/div><\/div><\/div><div class=\"vc_col-sm-6 wpb_column vc_column_container\"><div class=\"vc_column-inner\"><div class=\"wpb_wrapper\"><div class=\"w-image has_ratio align_none\"><div class=\"w-image-h\"><div style=\"padding-bottom:50.9434%\"><\/div><img decoding=\"async\" width=\"1024\" height=\"768\" src=\"https:\/\/buzonusa.us\/wp-content\/uploads\/2023\/12\/pepiniere-1024x768.jpg\" class=\"attachment-large size-large\" alt=\"\" loading=\"lazy\" \/><\/div><\/div><div class=\"w-separator size_medium\"><\/div><div class=\"wpb_text_column\"><div class=\"wpb_wrapper\"><h2 class=\"p1\">COMPROMISO MEDIOAMBIENTAL<br \/>\n<\/h2>\n<p class=\"p2\">Consciente del reto del cambio clim\u00e1tico, <span class=\"s1\">Buzon\u00ae <\/span>concede especial importancia al medio ambiente. Nuestras materias primas se reciclan y nuestros productos son 100% reciclables. Nuestra sede de Lieja es pasiva y se llevan a cabo diversas acciones de sensibilizaci\u00f3n, como la instalaci\u00f3n de colmenas, un prado de flores y huertos. Tambi\u00e9n hemos obtenido   <\/p>\n<p class=\"p2\">Certificaci\u00f3n ISO 14001:2015. Nos comprometemos a controlar nuestras emisiones de carbono. Esto implica una auditor\u00eda <span class=\"s2\">cada dos a\u00f1os <\/span>para calcular nuestra huella de carbono y elaborar un plan estrat\u00e9gico para reducir nuestras emisiones. Mientras tanto, tambi\u00e9n hemos tomado medidas para ser neutros en carbono compensando nuestro consumo con la plantaci\u00f3n de 31.835* \u00e1rboles al a\u00f1o en Madagascar.   <\/p>\n<\/div><\/div><\/div><\/div><\/div><div class=\"vc_col-sm-6 wpb_column vc_column_container\"><div class=\"vc_column-inner\"><div class=\"wpb_wrapper\"><div class=\"w-image has_ratio align_none\"><div class=\"w-image-h\"><div style=\"padding-bottom:50.9434%\"><\/div><img decoding=\"async\" width=\"1024\" height=\"682\" src=\"https:\/\/buzonusa.us\/wp-content\/uploads\/2023\/12\/qualite-1024x682.jpg\" class=\"attachment-large size-large\" alt=\"\" loading=\"lazy\" \/><\/div><\/div><div class=\"w-separator size_medium\"><\/div><div class=\"wpb_text_column\"><div class=\"wpb_wrapper\"><h2 class=\"p1\">CALIDAD<br \/>\nCOMPROMISO<\/h2>\n<p class=\"p2\">La calidad de nuestros productos y tu satisfacci\u00f3n son nuestras m\u00e1ximas prioridades. En este sentido, <span class=\"s1\">Buzon\u00ae <\/span>cuenta con la certificaci\u00f3n ISO 9001:2008 desde 2015 e ISO 9001:2015 desde 2017. Esta certificaci\u00f3n te garantiza una mejora constante de la calidad de nuestros productos y servicios.  <\/p>\n<\/div><\/div><\/div><\/div><\/div><div class=\"vc_col-sm-6 wpb_column vc_column_container\"><div class=\"vc_column-inner\"><div class=\"wpb_wrapper\"><div class=\"w-image has_ratio align_none\"><div class=\"w-image-h\"><div style=\"padding-bottom:50.9434%\"><\/div><img decoding=\"async\" width=\"1024\" height=\"615\" src=\"https:\/\/buzonusa.us\/wp-content\/uploads\/2023\/12\/trophee-1024x615.jpg\" class=\"attachment-large size-large\" alt=\"\" loading=\"lazy\" \/><\/div><\/div><div class=\"w-separator size_medium\"><\/div><div class=\"wpb_text_column\"><div class=\"wpb_wrapper\"><h2 class=\"p1\">RECONOCIMIENTO<\/h2>\n<p class=\"p2\">Hemos ganado muchos premios y obtenido varias certificaciones, como la Medalla de Plata a la innovaci\u00f3n en Batimat Par\u00eds en 1997, el Golden Bridge en Londres e incluso el Good Design Award 2018 con nuestros diversos compromisos y pol\u00edtica de empresa.<\/p>\n<\/div><\/div><\/div><\/div><\/div><\/div><\/div><\/section>\n","protected":false},"excerpt":{"rendered":"[vc_raw_html]W3dwc2VvX2JyZWFkY3J1bWJdCg==[\/vc_raw_html]Nuestros compromisos 100% FABRICADO EN EUROPA Todos nuestros productos se crean, designan y fabrican en Europa. Nuestro departamento de investigaci\u00f3n y desarrollo trabaja duro para ofrecer a nuestros clientes un soporte de terraza de excelencia. El 90% de nuestros productos proceden de la f\u00e1brica de Overpelt (B\u00e9lgica). El resto de nuestros productos se fabrican en...","protected":false},"author":1,"featured_media":0,"parent":54199,"menu_order":2,"comment_status":"closed","ping_status":"closed","template":"","meta":{"_acf_changed":false,"footnotes":""},"accesories_category":[],"sizes":[],"plot_serie":[],"accesories_category_type":[],"accessories_categories_subtype":[],"accessories_categories_applica":[],"class_list":["post-54465","page","type-page","status-publish","hentry"],"acf":[],"yoast_head":"<!-- This site is optimized with the Yoast SEO plugin v26.3 - https:\/\/yoast.com\/wordpress\/plugins\/seo\/ -->\n<title>Nuestros compromisos - Buzon USA<\/title>\n<meta name=\"robots\" content=\"index, follow, max-snippet:-1, max-image-preview:large, max-video-preview:-1\" \/>\n<link rel=\"canonical\" href=\"https:\/\/buzonusa.us\/es\/sobre-nosotros\/nuestros-compromisos\/\" \/>\n<meta property=\"og:locale\" content=\"es_ES\" \/>\n<meta property=\"og:type\" content=\"article\" \/>\n<meta property=\"og:title\" content=\"Nuestros compromisos - Buzon USA\" \/>\n<meta property=\"og:url\" content=\"https:\/\/buzonusa.us\/es\/sobre-nosotros\/nuestros-compromisos\/\" \/>\n<meta property=\"og:site_name\" content=\"Buzon USA\" \/>\n<meta property=\"article:modified_time\" content=\"2025-06-18T10:27:29+00:00\" \/>\n<meta name=\"twitter:card\" content=\"summary_large_image\" \/>\n<meta name=\"twitter:label1\" content=\"Tiempo de lectura\" \/>\n\t<meta name=\"twitter:data1\" content=\"4 minutos\" \/>\n<script type=\"application\/ld+json\" class=\"yoast-schema-graph\">{\"@context\":\"https:\/\/schema.org\",\"@graph\":[{\"@type\":\"WebPage\",\"@id\":\"https:\/\/buzonusa.us\/es\/sobre-nosotros\/nuestros-compromisos\/\",\"url\":\"https:\/\/buzonusa.us\/es\/sobre-nosotros\/nuestros-compromisos\/\",\"name\":\"Nuestros compromisos - Buzon USA\",\"isPartOf\":{\"@id\":\"https:\/\/buzonusa.us\/#website\"},\"datePublished\":\"2022-07-05T19:50:11+00:00\",\"dateModified\":\"2025-06-18T10:27:29+00:00\",\"breadcrumb\":{\"@id\":\"https:\/\/buzonusa.us\/es\/sobre-nosotros\/nuestros-compromisos\/#breadcrumb\"},\"inLanguage\":\"es\",\"potentialAction\":[{\"@type\":\"ReadAction\",\"target\":[\"https:\/\/buzonusa.us\/es\/sobre-nosotros\/nuestros-compromisos\/\"]}]},{\"@type\":\"BreadcrumbList\",\"@id\":\"https:\/\/buzonusa.us\/es\/sobre-nosotros\/nuestros-compromisos\/#breadcrumb\",\"itemListElement\":[{\"@type\":\"ListItem\",\"position\":1,\"name\":\"Home\",\"item\":\"https:\/\/buzonusa.us\/es\/\"},{\"@type\":\"ListItem\",\"position\":2,\"name\":\"Sobre nosotros\",\"item\":\"https:\/\/buzonusa.us\/es\/sobre-nosotros\/\"},{\"@type\":\"ListItem\",\"position\":3,\"name\":\"Nuestros compromisos\"}]},{\"@type\":\"WebSite\",\"@id\":\"https:\/\/buzonusa.us\/#website\",\"url\":\"https:\/\/buzonusa.us\/\",\"name\":\"Buzon USA\",\"description\":\"\",\"potentialAction\":[{\"@type\":\"SearchAction\",\"target\":{\"@type\":\"EntryPoint\",\"urlTemplate\":\"https:\/\/buzonusa.us\/?s={search_term_string}\"},\"query-input\":{\"@type\":\"PropertyValueSpecification\",\"valueRequired\":true,\"valueName\":\"search_term_string\"}}],\"inLanguage\":\"es\"}]}<\/script>\n<!-- \/ Yoast SEO plugin. -->","yoast_head_json":{"title":"Nuestros compromisos - Buzon USA","robots":{"index":"index","follow":"follow","max-snippet":"max-snippet:-1","max-image-preview":"max-image-preview:large","max-video-preview":"max-video-preview:-1"},"canonical":"https:\/\/buzonusa.us\/es\/sobre-nosotros\/nuestros-compromisos\/","og_locale":"es_ES","og_type":"article","og_title":"Nuestros compromisos - Buzon USA","og_url":"https:\/\/buzonusa.us\/es\/sobre-nosotros\/nuestros-compromisos\/","og_site_name":"Buzon USA","article_modified_time":"2025-06-18T10:27:29+00:00","twitter_card":"summary_large_image","twitter_misc":{"Tiempo de lectura":"4 minutos"},"schema":{"@context":"https:\/\/schema.org","@graph":[{"@type":"WebPage","@id":"https:\/\/buzonusa.us\/es\/sobre-nosotros\/nuestros-compromisos\/","url":"https:\/\/buzonusa.us\/es\/sobre-nosotros\/nuestros-compromisos\/","name":"Nuestros compromisos - Buzon USA","isPartOf":{"@id":"https:\/\/buzonusa.us\/#website"},"datePublished":"2022-07-05T19:50:11+00:00","dateModified":"2025-06-18T10:27:29+00:00","breadcrumb":{"@id":"https:\/\/buzonusa.us\/es\/sobre-nosotros\/nuestros-compromisos\/#breadcrumb"},"inLanguage":"es","potentialAction":[{"@type":"ReadAction","target":["https:\/\/buzonusa.us\/es\/sobre-nosotros\/nuestros-compromisos\/"]}]},{"@type":"BreadcrumbList","@id":"https:\/\/buzonusa.us\/es\/sobre-nosotros\/nuestros-compromisos\/#breadcrumb","itemListElement":[{"@type":"ListItem","position":1,"name":"Home","item":"https:\/\/buzonusa.us\/es\/"},{"@type":"ListItem","position":2,"name":"Sobre nosotros","item":"https:\/\/buzonusa.us\/es\/sobre-nosotros\/"},{"@type":"ListItem","position":3,"name":"Nuestros compromisos"}]},{"@type":"WebSite","@id":"https:\/\/buzonusa.us\/#website","url":"https:\/\/buzonusa.us\/","name":"Buzon USA","description":"","potentialAction":[{"@type":"SearchAction","target":{"@type":"EntryPoint","urlTemplate":"https:\/\/buzonusa.us\/?s={search_term_string}"},"query-input":{"@type":"PropertyValueSpecification","valueRequired":true,"valueName":"search_term_string"}}],"inLanguage":"es"}]}},"_links":{"self":[{"href":"https:\/\/buzonusa.us\/es\/wp-json\/wp\/v2\/pages\/54465","targetHints":{"allow":["GET"]}}],"collection":[{"href":"https:\/\/buzonusa.us\/es\/wp-json\/wp\/v2\/pages"}],"about":[{"href":"https:\/\/buzonusa.us\/es\/wp-json\/wp\/v2\/types\/page"}],"author":[{"embeddable":true,"href":"https:\/\/buzonusa.us\/es\/wp-json\/wp\/v2\/users\/1"}],"replies":[{"embeddable":true,"href":"https:\/\/buzonusa.us\/es\/wp-json\/wp\/v2\/comments?post=54465"}],"version-history":[{"count":10,"href":"https:\/\/buzonusa.us\/es\/wp-json\/wp\/v2\/pages\/54465\/revisions"}],"predecessor-version":[{"id":54500,"href":"https:\/\/buzonusa.us\/es\/wp-json\/wp\/v2\/pages\/54465\/revisions\/54500"}],"up":[{"embeddable":true,"href":"https:\/\/buzonusa.us\/es\/wp-json\/wp\/v2\/pages\/54199"}],"wp:attachment":[{"href":"https:\/\/buzonusa.us\/es\/wp-json\/wp\/v2\/media?parent=54465"}],"wp:term":[{"taxonomy":"accesories_category","embeddable":true,"href":"https:\/\/buzonusa.us\/es\/wp-json\/wp\/v2\/accesories_category?post=54465"},{"taxonomy":"sizes","embeddable":true,"href":"https:\/\/buzonusa.us\/es\/wp-json\/wp\/v2\/sizes?post=54465"},{"taxonomy":"plot_serie","embeddable":true,"href":"https:\/\/buzonusa.us\/es\/wp-json\/wp\/v2\/plot_serie?post=54465"},{"taxonomy":"accesories_category_type","embeddable":true,"href":"https:\/\/buzonusa.us\/es\/wp-json\/wp\/v2\/accesories_category_type?post=54465"},{"taxonomy":"accessories_categories_subtype","embeddable":true,"href":"https:\/\/buzonusa.us\/es\/wp-json\/wp\/v2\/accessories_categories_subtype?post=54465"},{"taxonomy":"accessories_categories_applica","embeddable":true,"href":"https:\/\/buzonusa.us\/es\/wp-json\/wp\/v2\/accessories_categories_applica?post=54465"}],"curies":[{"name":"wp","href":"https:\/\/api.w.org\/{rel}","templated":true}]}}