{"id":54434,"date":"2022-07-05T15:41:44","date_gmt":"2022-07-05T19:41:44","guid":{"rendered":"https:\/\/buzonusa.us\/propietario\/"},"modified":"2025-06-18T11:16:33","modified_gmt":"2025-06-18T15:16:33","slug":"propietario","status":"publish","type":"page","link":"https:\/\/buzonusa.us\/es\/propietario\/","title":{"rendered":"Propietario"},"content":{"rendered":"<section class=\"l-section wpb_row height_auto\"><div class=\"l-section-h i-cf\"><div class=\"g-cols vc_row via_flex valign_top type_default reversed stacking_default\"><div class=\"vc_col-sm-5 wpb_column vc_column_container\"><div class=\"vc_column-inner\"><div class=\"wpb_wrapper\">[vc_raw_html]W3dwc2VvX2JyZWFkY3J1bWJdCg==[\/vc_raw_html]<div class=\"w-separator size_medium\"><\/div><div class=\"wpb_text_column\"><div class=\"wpb_wrapper\"><h1>Propietario<\/h1>\n<p>Transforma f\u00e1cilmente tu espacio exterior con los pedestales Buzon\u00ae. Nuestros innovadores pedestales ajustables en altura y con correcci\u00f3n de pendiente son perfectos para crear terrazas, patios y cubiertas bonitos y duraderos.<\/p>\n<p>Tanto si piensas utilizar adoquines de porcelana como tarima compuesta, Buzon\u00ae te ofrece un <strong>sistema de instalaci\u00f3n fiable<\/strong> que garantiza una <strong>superficie lisa y nivelada<\/strong> en todo momento. <strong>Facilitamos<\/strong> a los propietarios la construcci\u00f3n de la terraza de sus sue\u00f1os.<\/p>\n<\/div><\/div><div class=\"w-separator size_large\"><\/div><div class=\"w-btn-wrapper align_none\"><a class=\"w-btn us-btn-style_1\" href=\"https:\/\/buzonusa.us\/es\/ponte-en-contacto-con\/\"><span class=\"w-btn-label\">Contacta con nosotros<\/span><\/a><\/div><\/div><\/div><\/div><div class=\"vc_col-sm-7 wpb_column vc_column_container m300 has_bg_color\"><div class=\"vc_column-inner us_custom_cc0e8826\"><div class=\"wpb_wrapper\"><\/div><\/div><\/div><\/div><\/div><\/section><section class=\"l-section wpb_row bgtexture1 height_huge\"><div class=\"l-section-h i-cf\"><div class=\"g-cols vc_row via_flex valign_middle type_boxes reversed stacking_default\"><div class=\"vc_col-sm-6 vc_col-lg-5 vc_col-md-5 vc_col-xs-12 wpb_column vc_column_container\"><div class=\"vc_column-inner\"><div class=\"wpb_wrapper\"><div class=\"wpb_text_column\"><div class=\"wpb_wrapper\"><h3>\u00bfNecesitas informaci\u00f3n t\u00e9cnica?<\/h3>\n<\/div><\/div><div class=\"w-separator size_small\"><\/div><div class=\"w-btn-wrapper align_none\"><a class=\"w-btn us-btn-style_5\" target=\"_blank\" href=\"\/wp-content\/uploads\/2024\/10\/Brochure-US-PB-Inch-2024-BATDEF.pdf\"><span class=\"w-btn-label\">Consigue tu cat\u00e1logo<\/span><\/a><\/div><div class=\"w-btn-wrapper align_none\"><a class=\"w-btn us-btn-style_5\" title=\"T\u00e9cnico\" href=\"https:\/\/buzonusa.us\/documentations\/technical\/\"><span class=\"w-btn-label\">Descarga nuestros manuales de instalaci\u00f3n<\/span><\/a><\/div><\/div><\/div><\/div><div class=\"vc_col-sm-1 vc_col-lg-2 vc_col-md-1 vc_hidden-sm vc_hidden-xs wpb_column vc_column_container\"><div class=\"vc_column-inner\"><div class=\"wpb_wrapper\"><\/div><\/div><\/div><div class=\"vc_col-sm-6 vc_col-lg-4 vc_col-md-5 vc_col-xs-12 wpb_column vc_column_container brochurecol\"><div class=\"vc_column-inner\"><div class=\"wpb_wrapper\"><div class=\"w-image us_custom_1ae4762b brochureimg align_center\"><div class=\"w-image-h\"><img decoding=\"async\" width=\"720\" height=\"1024\" src=\"https:\/\/buzonusa.us\/wp-content\/uploads\/2022\/07\/brochure-720x1024.jpg\" class=\"attachment-large size-large\" alt=\"\" loading=\"lazy\" srcset=\"https:\/\/buzonusa.us\/wp-content\/uploads\/2022\/07\/brochure-720x1024.jpg 720w, https:\/\/buzonusa.us\/wp-content\/uploads\/2022\/07\/brochure-211x300.jpg 211w, https:\/\/buzonusa.us\/wp-content\/uploads\/2022\/07\/brochure-49x70.jpg 49w, https:\/\/buzonusa.us\/wp-content\/uploads\/2022\/07\/brochure.jpg 1208w\" sizes=\"auto, (max-width: 720px) 100vw, 720px\" \/><\/div><\/div><\/div><\/div><\/div><div class=\"vc_col-sm-1 vc_col-lg-1 vc_col-md-1 vc_hidden-sm vc_hidden-xs wpb_column vc_column_container\"><div class=\"vc_column-inner\"><div class=\"wpb_wrapper\"><\/div><\/div><\/div><\/div><\/div><\/section>\n<section class=\"l-section wpb_row height_medium\"><div class=\"l-section-h i-cf\"><div class=\"g-cols vc_row via_flex valign_top type_default stacking_default\"><div class=\"vc_col-sm-12 wpb_column vc_column_container\"><div class=\"vc_column-inner\"><div class=\"wpb_wrapper\"><div class=\"wpb_text_column\"><div class=\"wpb_wrapper\"><p><span class=\"TextRun SCXW5725957 BCX0\" lang=\"EN-US\" data-contrast=\"auto\" xml:lang=\"EN-US\"><span class=\"NormalTextRun SCXW5725957 BCX0\">Buzon <\/span><span class=\"NormalTextRun SCXW5725957 BCX0\">pedestales<\/span><span class=\"NormalTextRun SCXW5725957 BCX0\"> pueden utilizarse para todo tipo de <\/span><span class=\"NormalTextRun SCXW5725957 BCX0\">terrazas<\/span><span class=\"NormalTextRun SCXW5725957 BCX0\">baldosas cer\u00e1micas, hormig\u00f3n, piedra natural, madera natural o compuesta y muchos otros. Se han desarrollado varias soluciones para soportar estas diferentes <\/span><span class=\"NormalTextRun SCXW5725957 BCX0\">tipos<\/span><span class=\"NormalTextRun SCXW5725957 BCX0\">.<\/span><\/span><span class=\"EOP SCXW5725957 BCX0\" data-ccp-props=\"{}\"> <\/span><\/p>\n<\/div><\/div><div class=\"w-separator size_small\"><\/div><div class=\"wpb_text_column longline\"><div class=\"wpb_wrapper\"><h3><span class=\"TextRun MacChromeBold SCXW148344561 BCX0\" lang=\"EN-US\" xml:lang=\"EN-US\" data-contrast=\"auto\"><span class=\"NormalTextRun SCXW148344561 BCX0\">\u00bfQuieres m\u00e1s informaci\u00f3n sobre nuestras distintas soluciones?<\/span><\/span><span class=\"EOP SCXW148344561 BCX0\" data-ccp-props=\"{\" 335551550=\"\" :2=\"\" 335551620=\"\"> <\/span><\/h3>\n<\/div><\/div><div class=\"w-separator size_medium\"><\/div><div class=\"w-grid blacksqgrid2 type_grid layout_7334 cols_3 preload_style_spinner\" id=\"us_grid_1\" style=\"--columns:3;--gap:1.5rem;\"><style>@media (max-width:1024px){#us_grid_1{--columns:2!important}}@media (max-width:767px){#us_grid_1{--columns:1!important}}.layout_7334 .w-grid-item-h{}.layout_7334 .usg_post_title_1{margin-top:30px!important;margin-bottom:40px!important}<\/style><div class=\"w-grid-list\">\t<article class=\"w-grid-item size_1x1 post-54636 page type-page status-publish has-post-thumbnail hentry\" data-id=\"54636\">\r\n\t\t<div class=\"w-grid-item-h\">\r\n\t\t\t\t\t\t<div class=\"w-post-elm post_image usg_post_image_2 aspectsquare has_ratio\"><a href=\"https:\/\/buzonusa.us\/es\/aplicaciones\/aplicaciones-residenciales\/tarima-o-patio\/\" aria-label=\"Tarima o patio\"><img loading=\"lazy\" decoding=\"async\" width=\"300\" height=\"300\" src=\"https:\/\/buzonusa.us\/wp-content\/uploads\/2024\/11\/PB-KIT-5-background-300x300.jpg\" class=\"attachment-medium size-medium wp-post-image\" alt=\"\" \/><\/a><div style=\"padding-bottom:50.9434%\"><\/div><\/div><h3 class=\"w-post-elm post_title usg_post_title_1 longline entry-title\"><a href=\"https:\/\/buzonusa.us\/es\/aplicaciones\/aplicaciones-residenciales\/tarima-o-patio\/\">Tarima o patio<\/a><\/h3><a class=\"w-btn us-btn-style_3 usg_btn_1 buttonabsolutebottom\" href=\"https:\/\/buzonusa.us\/es\/aplicaciones\/aplicaciones-residenciales\/tarima-o-patio\/\"><span class=\"w-btn-label\">Seguir leyendo<\/span><\/a>\t\t<\/div>\r\n\t\t\t<\/article>\r\n\t<article class=\"w-grid-item size_1x1 post-54642 page type-page status-publish has-post-thumbnail hentry\" data-id=\"54642\">\r\n\t\t<div class=\"w-grid-item-h\">\r\n\t\t\t\t\t\t<div class=\"w-post-elm post_image usg_post_image_2 aspectsquare has_ratio\"><a href=\"https:\/\/buzonusa.us\/es\/aplicaciones\/aplicaciones-residenciales\/adoquines-de-porcelana-sobre-viguetas\/\" aria-label=\"Adoquines de porcelana sobre viguetas\"><img loading=\"lazy\" decoding=\"async\" width=\"300\" height=\"300\" src=\"https:\/\/buzonusa.us\/wp-content\/uploads\/2024\/11\/E-BRS-41-background-300x300.jpg\" class=\"attachment-medium size-medium wp-post-image\" alt=\"\" \/><\/a><div style=\"padding-bottom:50.9434%\"><\/div><\/div><h3 class=\"w-post-elm post_title usg_post_title_1 longline entry-title\"><a href=\"https:\/\/buzonusa.us\/es\/aplicaciones\/aplicaciones-residenciales\/adoquines-de-porcelana-sobre-viguetas\/\">Adoquines de porcelana sobre viguetas<\/a><\/h3><a class=\"w-btn us-btn-style_3 usg_btn_1 buttonabsolutebottom\" href=\"https:\/\/buzonusa.us\/es\/aplicaciones\/aplicaciones-residenciales\/adoquines-de-porcelana-sobre-viguetas\/\"><span class=\"w-btn-label\">Seguir leyendo<\/span><\/a>\t\t<\/div>\r\n\t\t\t<\/article>\r\n\t<article class=\"w-grid-item size_1x1 post-54664 page type-page status-publish has-post-thumbnail hentry\" data-id=\"54664\">\r\n\t\t<div class=\"w-grid-item-h\">\r\n\t\t\t\t\t\t<div class=\"w-post-elm post_image usg_post_image_2 aspectsquare has_ratio\"><a href=\"https:\/\/buzonusa.us\/es\/aplicaciones\/aplicaciones-residenciales\/adoquines-de-2-cm-sobre-pedestal\/\" aria-label=\"Adoquines de 2 cm sobre pedestal\"><img loading=\"lazy\" decoding=\"async\" width=\"300\" height=\"300\" src=\"https:\/\/buzonusa.us\/wp-content\/uploads\/2024\/11\/PB-3-PACKSHOT-background-300x300.jpg\" class=\"attachment-medium size-medium wp-post-image\" alt=\"\" \/><\/a><div style=\"padding-bottom:50.9434%\"><\/div><\/div><h3 class=\"w-post-elm post_title usg_post_title_1 longline entry-title\"><a href=\"https:\/\/buzonusa.us\/es\/aplicaciones\/aplicaciones-residenciales\/adoquines-de-2-cm-sobre-pedestal\/\">Adoquines de 2 cm sobre pedestal<\/a><\/h3><a class=\"w-btn us-btn-style_3 usg_btn_1 buttonabsolutebottom\" href=\"https:\/\/buzonusa.us\/es\/aplicaciones\/aplicaciones-residenciales\/adoquines-de-2-cm-sobre-pedestal\/\"><span class=\"w-btn-label\">Seguir leyendo<\/span><\/a>\t\t<\/div>\r\n\t\t\t<\/article>\r\n<\/div><div class=\"w-grid-preloader\">\t<div class=\"g-preloader type_1\">\r\n\t\t<div><\/div>\r\n\t<\/div>\r\n\t<\/div>\t<div class=\"w-grid-json hidden\" onclick='return {&quot;action&quot;:&quot;us_ajax_grid&quot;,&quot;infinite_scroll&quot;:0,&quot;max_num_pages&quot;:1,&quot;pagination&quot;:&quot;none&quot;,&quot;template_vars&quot;:{&quot;columns&quot;:&quot;3&quot;,&quot;exclude_items&quot;:&quot;none&quot;,&quot;img_size&quot;:&quot;default&quot;,&quot;ignore_items_size&quot;:0,&quot;items_layout&quot;:&quot;7334&quot;,&quot;items_offset&quot;:&quot;1&quot;,&quot;load_animation&quot;:&quot;none&quot;,&quot;overriding_link&quot;:&quot;{\\&quot;url\\&quot;:\\&quot;\\&quot;}&quot;,&quot;post_id&quot;:0,&quot;query_args&quot;:{&quot;ignore_sticky_posts&quot;:1,&quot;post_type&quot;:&quot;any&quot;,&quot;post__in&quot;:[&quot;6643&quot;,&quot;6645&quot;,&quot;6647&quot;],&quot;posts_per_page&quot;:&quot;10&quot;},&quot;orderby_query_args&quot;:{&quot;orderby&quot;:{&quot;date&quot;:&quot;DESC&quot;}},&quot;type&quot;:&quot;grid&quot;,&quot;us_grid_post_type&quot;:&quot;ids&quot;,&quot;us_grid_ajax_index&quot;:1,&quot;us_grid_filter_query_string&quot;:null,&quot;us_grid_index&quot;:1,&quot;page_args&quot;:[],&quot;lang&quot;:&quot;es&quot;}}'><\/div>\r\n\t<\/div><\/div><\/div><\/div><\/div><\/div><\/section>\n","protected":false},"excerpt":{"rendered":"[vc_raw_html]W3dwc2VvX2JyZWFkY3J1bWJd[\/vc_raw_html]Adoquines de 2 cm sobre pedestal Capas de esteras y pesta\u00f1as separadorasVentajas: Puede utilizarse de 1\/16&#8243; a 7\/16&#8243; mm Ideal para alturas reducidas Instalaci\u00f3n r\u00e1pida y sencilla Respeto de la membrana impermeabilizante Soluci\u00f3n sostenible Revestimiento: baldosas de cer\u00e1mica, piedras naturales, hormig\u00f3n, rejillas...Seguir leyendo PB Pedestales ajustablesVentajas: Ajustable de 7\/16&#8243; a 37 5\/8&#8243; Gran estabilidad gracias...","protected":false},"author":1,"featured_media":41966,"parent":0,"menu_order":10,"comment_status":"closed","ping_status":"closed","template":"","meta":{"_acf_changed":false,"footnotes":""},"accesories_category":[],"sizes":[],"plot_serie":[],"accesories_category_type":[],"accessories_categories_subtype":[],"accessories_categories_applica":[],"class_list":["post-54434","page","type-page","status-publish","has-post-thumbnail","hentry"],"acf":[],"yoast_head":"<!-- This site is optimized with the Yoast SEO plugin v26.3 - https:\/\/yoast.com\/wordpress\/plugins\/seo\/ -->\n<title>Propietario - Buzon USA<\/title>\n<meta name=\"robots\" content=\"index, follow, max-snippet:-1, max-image-preview:large, max-video-preview:-1\" \/>\n<link rel=\"canonical\" href=\"https:\/\/buzonusa.us\/es\/propietario\/\" \/>\n<meta property=\"og:locale\" content=\"es_ES\" \/>\n<meta property=\"og:type\" content=\"article\" \/>\n<meta property=\"og:title\" content=\"Propietario - Buzon USA\" \/>\n<meta property=\"og:url\" content=\"https:\/\/buzonusa.us\/es\/propietario\/\" \/>\n<meta property=\"og:site_name\" content=\"Buzon USA\" \/>\n<meta property=\"article:modified_time\" content=\"2025-06-18T15:16:33+00:00\" \/>\n<meta name=\"twitter:card\" content=\"summary_large_image\" \/>\n<meta name=\"twitter:label1\" content=\"Tiempo de lectura\" \/>\n\t<meta name=\"twitter:data1\" content=\"1 minuto\" \/>\n<script type=\"application\/ld+json\" class=\"yoast-schema-graph\">{\"@context\":\"https:\/\/schema.org\",\"@graph\":[{\"@type\":\"WebPage\",\"@id\":\"https:\/\/buzonusa.us\/es\/propietario\/\",\"url\":\"https:\/\/buzonusa.us\/es\/propietario\/\",\"name\":\"Propietario - Buzon USA\",\"isPartOf\":{\"@id\":\"https:\/\/buzonusa.us\/#website\"},\"primaryImageOfPage\":{\"@id\":\"https:\/\/buzonusa.us\/es\/propietario\/#primaryimage\"},\"image\":{\"@id\":\"https:\/\/buzonusa.us\/es\/propietario\/#primaryimage\"},\"thumbnailUrl\":\"https:\/\/buzonusa.us\/wp-content\/uploads\/2022\/07\/individual.svg\",\"datePublished\":\"2022-07-05T19:41:44+00:00\",\"dateModified\":\"2025-06-18T15:16:33+00:00\",\"breadcrumb\":{\"@id\":\"https:\/\/buzonusa.us\/es\/propietario\/#breadcrumb\"},\"inLanguage\":\"es\",\"potentialAction\":[{\"@type\":\"ReadAction\",\"target\":[\"https:\/\/buzonusa.us\/es\/propietario\/\"]}]},{\"@type\":\"ImageObject\",\"inLanguage\":\"es\",\"@id\":\"https:\/\/buzonusa.us\/es\/propietario\/#primaryimage\",\"url\":\"https:\/\/buzonusa.us\/wp-content\/uploads\/2022\/07\/individual.svg\",\"contentUrl\":\"https:\/\/buzonusa.us\/wp-content\/uploads\/2022\/07\/individual.svg\"},{\"@type\":\"BreadcrumbList\",\"@id\":\"https:\/\/buzonusa.us\/es\/propietario\/#breadcrumb\",\"itemListElement\":[{\"@type\":\"ListItem\",\"position\":1,\"name\":\"Home\",\"item\":\"https:\/\/buzonusa.us\/es\/\"},{\"@type\":\"ListItem\",\"position\":2,\"name\":\"Propietario\"}]},{\"@type\":\"WebSite\",\"@id\":\"https:\/\/buzonusa.us\/#website\",\"url\":\"https:\/\/buzonusa.us\/\",\"name\":\"Buzon USA\",\"description\":\"\",\"potentialAction\":[{\"@type\":\"SearchAction\",\"target\":{\"@type\":\"EntryPoint\",\"urlTemplate\":\"https:\/\/buzonusa.us\/?s={search_term_string}\"},\"query-input\":{\"@type\":\"PropertyValueSpecification\",\"valueRequired\":true,\"valueName\":\"search_term_string\"}}],\"inLanguage\":\"es\"}]}<\/script>\n<!-- \/ Yoast SEO plugin. -->","yoast_head_json":{"title":"Propietario - Buzon USA","robots":{"index":"index","follow":"follow","max-snippet":"max-snippet:-1","max-image-preview":"max-image-preview:large","max-video-preview":"max-video-preview:-1"},"canonical":"https:\/\/buzonusa.us\/es\/propietario\/","og_locale":"es_ES","og_type":"article","og_title":"Propietario - Buzon USA","og_url":"https:\/\/buzonusa.us\/es\/propietario\/","og_site_name":"Buzon USA","article_modified_time":"2025-06-18T15:16:33+00:00","twitter_card":"summary_large_image","twitter_misc":{"Tiempo de lectura":"1 minuto"},"schema":{"@context":"https:\/\/schema.org","@graph":[{"@type":"WebPage","@id":"https:\/\/buzonusa.us\/es\/propietario\/","url":"https:\/\/buzonusa.us\/es\/propietario\/","name":"Propietario - Buzon USA","isPartOf":{"@id":"https:\/\/buzonusa.us\/#website"},"primaryImageOfPage":{"@id":"https:\/\/buzonusa.us\/es\/propietario\/#primaryimage"},"image":{"@id":"https:\/\/buzonusa.us\/es\/propietario\/#primaryimage"},"thumbnailUrl":"https:\/\/buzonusa.us\/wp-content\/uploads\/2022\/07\/individual.svg","datePublished":"2022-07-05T19:41:44+00:00","dateModified":"2025-06-18T15:16:33+00:00","breadcrumb":{"@id":"https:\/\/buzonusa.us\/es\/propietario\/#breadcrumb"},"inLanguage":"es","potentialAction":[{"@type":"ReadAction","target":["https:\/\/buzonusa.us\/es\/propietario\/"]}]},{"@type":"ImageObject","inLanguage":"es","@id":"https:\/\/buzonusa.us\/es\/propietario\/#primaryimage","url":"https:\/\/buzonusa.us\/wp-content\/uploads\/2022\/07\/individual.svg","contentUrl":"https:\/\/buzonusa.us\/wp-content\/uploads\/2022\/07\/individual.svg"},{"@type":"BreadcrumbList","@id":"https:\/\/buzonusa.us\/es\/propietario\/#breadcrumb","itemListElement":[{"@type":"ListItem","position":1,"name":"Home","item":"https:\/\/buzonusa.us\/es\/"},{"@type":"ListItem","position":2,"name":"Propietario"}]},{"@type":"WebSite","@id":"https:\/\/buzonusa.us\/#website","url":"https:\/\/buzonusa.us\/","name":"Buzon USA","description":"","potentialAction":[{"@type":"SearchAction","target":{"@type":"EntryPoint","urlTemplate":"https:\/\/buzonusa.us\/?s={search_term_string}"},"query-input":{"@type":"PropertyValueSpecification","valueRequired":true,"valueName":"search_term_string"}}],"inLanguage":"es"}]}},"_links":{"self":[{"href":"https:\/\/buzonusa.us\/es\/wp-json\/wp\/v2\/pages\/54434","targetHints":{"allow":["GET"]}}],"collection":[{"href":"https:\/\/buzonusa.us\/es\/wp-json\/wp\/v2\/pages"}],"about":[{"href":"https:\/\/buzonusa.us\/es\/wp-json\/wp\/v2\/types\/page"}],"author":[{"embeddable":true,"href":"https:\/\/buzonusa.us\/es\/wp-json\/wp\/v2\/users\/1"}],"replies":[{"embeddable":true,"href":"https:\/\/buzonusa.us\/es\/wp-json\/wp\/v2\/comments?post=54434"}],"version-history":[{"count":3,"href":"https:\/\/buzonusa.us\/es\/wp-json\/wp\/v2\/pages\/54434\/revisions"}],"predecessor-version":[{"id":57166,"href":"https:\/\/buzonusa.us\/es\/wp-json\/wp\/v2\/pages\/54434\/revisions\/57166"}],"wp:featuredmedia":[{"embeddable":true,"href":"https:\/\/buzonusa.us\/es\/wp-json\/wp\/v2\/media\/41966"}],"wp:attachment":[{"href":"https:\/\/buzonusa.us\/es\/wp-json\/wp\/v2\/media?parent=54434"}],"wp:term":[{"taxonomy":"accesories_category","embeddable":true,"href":"https:\/\/buzonusa.us\/es\/wp-json\/wp\/v2\/accesories_category?post=54434"},{"taxonomy":"sizes","embeddable":true,"href":"https:\/\/buzonusa.us\/es\/wp-json\/wp\/v2\/sizes?post=54434"},{"taxonomy":"plot_serie","embeddable":true,"href":"https:\/\/buzonusa.us\/es\/wp-json\/wp\/v2\/plot_serie?post=54434"},{"taxonomy":"accesories_category_type","embeddable":true,"href":"https:\/\/buzonusa.us\/es\/wp-json\/wp\/v2\/accesories_category_type?post=54434"},{"taxonomy":"accessories_categories_subtype","embeddable":true,"href":"https:\/\/buzonusa.us\/es\/wp-json\/wp\/v2\/accessories_categories_subtype?post=54434"},{"taxonomy":"accessories_categories_applica","embeddable":true,"href":"https:\/\/buzonusa.us\/es\/wp-json\/wp\/v2\/accessories_categories_applica?post=54434"}],"curies":[{"name":"wp","href":"https:\/\/api.w.org\/{rel}","templated":true}]}}