{"id":54198,"date":"2022-07-05T15:50:11","date_gmt":"2022-07-05T19:50:11","guid":{"rendered":"https:\/\/buzonusa.us\/un-objetivo-compartido\/"},"modified":"2025-06-18T06:13:50","modified_gmt":"2025-06-18T10:13:50","slug":"un-objetivo-compartido","status":"publish","type":"page","link":"https:\/\/buzonusa.us\/es\/sobre-nosotros\/un-objetivo-compartido\/","title":{"rendered":"Un objetivo compartido"},"content":{"rendered":"<section class=\"l-section wpb_row height_auto\"><div class=\"l-section-h i-cf\"><div class=\"g-cols vc_row via_flex valign_top type_default reversed stacking_default\"><div class=\"vc_col-sm-5 wpb_column vc_column_container\"><div class=\"vc_column-inner\"><div class=\"wpb_wrapper\">[vc_raw_html]W3dwc2VvX2JyZWFkY3J1bWJdCg==[\/vc_raw_html]<div class=\"w-separator size_medium\"><\/div><div class=\"wpb_text_column\"><div class=\"wpb_wrapper\"><h1>UN OBJETIVO COMPARTIDO<\/h1>\n<\/div><\/div><div class=\"w-separator size_large\"><\/div><\/div><\/div><\/div><div class=\"vc_col-sm-1 wpb_column vc_column_container\"><div class=\"vc_column-inner\"><div class=\"wpb_wrapper\"><\/div><\/div><\/div><div class=\"vc_col-sm-6 wpb_column vc_column_container m300 has_bg_color\"><div class=\"vc_column-inner us_custom_4078679f\"><div class=\"wpb_wrapper\"><\/div><\/div><\/div><\/div><\/div><\/section><section class=\"l-section wpb_row height_large\"><div class=\"l-section-h i-cf\"><div class=\"g-cols vc_row via_flex valign_top type_default stacking_default\" style=\"--additional-gap:20px;\"><div class=\"vc_col-sm-12 vc_col-lg-4 vc_col-md-4 vc_col-xs-12 wpb_column vc_column_container usp usp1\"><div class=\"vc_column-inner\"><div class=\"wpb_wrapper\"><div class=\"wpb_text_column us_custom_b02a18c0 has_text_color\"><div class=\"wpb_wrapper\"><h3 style=\"text-align: center;\"><strong>NUESTRA VISI\u00d3N<\/strong><\/h3>\n<\/div><\/div><div class=\"wpb_text_column\"><div class=\"wpb_wrapper\"><p style=\"text-align: center;\">L\u00edder innovador reconocido en la <strong>creaci\u00f3n de sistemas sostenibles de paisajismo<\/strong> exterior.<\/p>\n<\/div><\/div><div class=\"w-image align_none\"><div class=\"w-image-h\"><img decoding=\"async\" width=\"1024\" height=\"1024\" src=\"https:\/\/buzonusa.us\/wp-content\/uploads\/2023\/05\/Asset-1.svg\" class=\"attachment-large size-large\" alt=\"\" loading=\"lazy\" \/><\/div><\/div><\/div><\/div><\/div><div class=\"vc_col-sm-12 vc_col-lg-4 vc_col-md-4 vc_col-xs-12 wpb_column vc_column_container usp usp1\"><div class=\"vc_column-inner\"><div class=\"wpb_wrapper\"><div class=\"wpb_text_column us_custom_b02a18c0 has_text_color\"><div class=\"wpb_wrapper\"><h3 style=\"text-align: center;\"><strong>NUESTRA MISI\u00d3N<\/strong><\/h3>\n<\/div><\/div><div class=\"wpb_text_column\"><div class=\"wpb_wrapper\"><p style=\"text-align: center;\"><strong>Desarrollar<\/strong> sistemas <strong>innovadores, ergon\u00f3micos<\/strong> y <strong>sostenibles<\/strong> para ayudar a los usuarios en el desarrollo aut\u00f3nomo y el embellecimiento de los espacios exteriores.<\/p>\n<\/div><\/div><div class=\"w-image align_none\"><div class=\"w-image-h\"><img decoding=\"async\" width=\"1024\" height=\"1024\" src=\"https:\/\/buzonusa.us\/wp-content\/uploads\/2023\/05\/Asset-2.svg\" class=\"attachment-large size-large\" alt=\"\" loading=\"lazy\" \/><\/div><\/div><\/div><\/div><\/div><div class=\"vc_col-sm-12 vc_col-lg-4 vc_col-md-4 vc_col-xs-12 wpb_column vc_column_container usp usp1\"><div class=\"vc_column-inner\"><div class=\"wpb_wrapper\"><div class=\"wpb_text_column us_custom_b02a18c0 has_text_color\"><div class=\"wpb_wrapper\"><h3 style=\"text-align: center;\"><strong>NUESTROS VALORES<\/strong><\/h3>\n<\/div><\/div><div class=\"wpb_text_column\"><div class=\"wpb_wrapper\"><p style=\"text-align: center;\"><strong>Calidad<\/strong><br \/>\n<strong>Sostenibilidad<\/strong><br \/>\n<strong>Eficiencia<\/strong><br \/>\n<strong>Compromiso<\/strong><br \/>\n<strong>Respeto<\/strong><\/p>\n<\/div><\/div><div class=\"w-image align_none\"><div class=\"w-image-h\"><img decoding=\"async\" width=\"1024\" height=\"1024\" src=\"https:\/\/buzonusa.us\/wp-content\/uploads\/2023\/05\/Asset-3.svg\" class=\"attachment-large size-large\" alt=\"\" loading=\"lazy\" \/><\/div><\/div><\/div><\/div><\/div><\/div><\/div><\/section><section class=\"l-section wpb_row height_auto\"><div class=\"l-section-h i-cf\"><div class=\"g-cols vc_row via_flex valign_top type_default stacking_default\"><div class=\"vc_col-sm-8 wpb_column vc_column_container\"><div class=\"vc_column-inner\"><div class=\"wpb_wrapper\"><div class=\"wpb_text_column\"><div class=\"wpb_wrapper\"><p><strong>La calidad: <\/strong>La calidad siempre ha formado parte de nuestro ADN. Se aplica a todos los niveles de las operaciones de la empresa y es asumida por todos nuestros proveedores de servicios. <\/p>\n<p><strong>Sostenibilidad: <\/strong>Preocupados por reducir nuestro impacto medioambiental, nos comprometemos a integrar continuamente la protecci\u00f3n y la preservaci\u00f3n del medio ambiente en el dise\u00f1o, la fabricaci\u00f3n y la distribuci\u00f3n de nuestros productos, as\u00ed como en la gesti\u00f3n diaria de nuestras actividades.<strong> <\/strong><\/p>\n<p><strong>Eficacia: <\/strong>Proporcionamos a nuestros empleados y socios las herramientas y la formaci\u00f3n necesarias para mejorar la excelencia operativa.<\/p>\n<p><strong>Compromiso: <\/strong>El equipo cultiva un esp\u00edritu positivo y de dedicaci\u00f3n a sus colegas y socios.<\/p>\n<p><strong>Respeto: <\/strong>La honradez, el respeto y la integridad son pilares fundamentales de nuestra empresa y dictan nuestra conducta profesional hacia nuestros clientes, nuestros empleados y nuestros socios.<\/p>\n<\/div><\/div><div class=\"w-separator size_huge\"><\/div><\/div><\/div><\/div><div class=\"vc_col-sm-4 wpb_column vc_column_container\"><div class=\"vc_column-inner\"><div class=\"wpb_wrapper\"><\/div><\/div><\/div><\/div><\/div><\/section>\n","protected":false},"excerpt":{"rendered":"[vc_raw_html]W3dwc2VvX2JyZWFkY3J1bWJdCg==[\/vc_raw_html]UN OBJETIVO COMPARTIDO NUESTRA VISI\u00d3N L\u00edder innovador reconocido en la creaci\u00f3n de sistemas sostenibles de paisajismo exterior. NUESTRA MISI\u00d3N Desarrollar sistemas innovadores, ergon\u00f3micos y sostenibles para ayudar a los usuarios en el desarrollo aut\u00f3nomo y el embellecimiento de los espacios exteriores. NUESTROS VALORES Calidad Sostenibilidad Eficiencia Compromiso Respeto La calidad: La calidad siempre ha formado...","protected":false},"author":1,"featured_media":0,"parent":54199,"menu_order":1,"comment_status":"closed","ping_status":"closed","template":"","meta":{"_acf_changed":false,"footnotes":""},"accesories_category":[],"sizes":[],"plot_serie":[],"accesories_category_type":[],"accessories_categories_subtype":[],"accessories_categories_applica":[],"class_list":["post-54198","page","type-page","status-publish","hentry"],"acf":[],"yoast_head":"<!-- This site is optimized with the Yoast SEO plugin v26.3 - https:\/\/yoast.com\/wordpress\/plugins\/seo\/ -->\n<title>Un objetivo compartido - Buzon USA<\/title>\n<meta name=\"robots\" content=\"index, follow, max-snippet:-1, max-image-preview:large, max-video-preview:-1\" \/>\n<link rel=\"canonical\" href=\"https:\/\/buzonusa.us\/es\/sobre-nosotros\/un-objetivo-compartido\/\" \/>\n<meta property=\"og:locale\" content=\"es_ES\" \/>\n<meta property=\"og:type\" content=\"article\" \/>\n<meta property=\"og:title\" content=\"Un objetivo compartido - Buzon USA\" \/>\n<meta property=\"og:url\" content=\"https:\/\/buzonusa.us\/es\/sobre-nosotros\/un-objetivo-compartido\/\" \/>\n<meta property=\"og:site_name\" content=\"Buzon USA\" \/>\n<meta property=\"article:modified_time\" content=\"2025-06-18T10:13:50+00:00\" \/>\n<meta name=\"twitter:card\" content=\"summary_large_image\" \/>\n<meta name=\"twitter:label1\" content=\"Tiempo de lectura\" \/>\n\t<meta name=\"twitter:data1\" content=\"2 minutos\" \/>\n<script type=\"application\/ld+json\" class=\"yoast-schema-graph\">{\"@context\":\"https:\/\/schema.org\",\"@graph\":[{\"@type\":\"WebPage\",\"@id\":\"https:\/\/buzonusa.us\/es\/sobre-nosotros\/un-objetivo-compartido\/\",\"url\":\"https:\/\/buzonusa.us\/es\/sobre-nosotros\/un-objetivo-compartido\/\",\"name\":\"Un objetivo compartido - Buzon USA\",\"isPartOf\":{\"@id\":\"https:\/\/buzonusa.us\/#website\"},\"datePublished\":\"2022-07-05T19:50:11+00:00\",\"dateModified\":\"2025-06-18T10:13:50+00:00\",\"breadcrumb\":{\"@id\":\"https:\/\/buzonusa.us\/es\/sobre-nosotros\/un-objetivo-compartido\/#breadcrumb\"},\"inLanguage\":\"es\",\"potentialAction\":[{\"@type\":\"ReadAction\",\"target\":[\"https:\/\/buzonusa.us\/es\/sobre-nosotros\/un-objetivo-compartido\/\"]}]},{\"@type\":\"BreadcrumbList\",\"@id\":\"https:\/\/buzonusa.us\/es\/sobre-nosotros\/un-objetivo-compartido\/#breadcrumb\",\"itemListElement\":[{\"@type\":\"ListItem\",\"position\":1,\"name\":\"Home\",\"item\":\"https:\/\/buzonusa.us\/es\/\"},{\"@type\":\"ListItem\",\"position\":2,\"name\":\"Sobre nosotros\",\"item\":\"https:\/\/buzonusa.us\/es\/sobre-nosotros\/\"},{\"@type\":\"ListItem\",\"position\":3,\"name\":\"Un objetivo compartido\"}]},{\"@type\":\"WebSite\",\"@id\":\"https:\/\/buzonusa.us\/#website\",\"url\":\"https:\/\/buzonusa.us\/\",\"name\":\"Buzon USA\",\"description\":\"\",\"potentialAction\":[{\"@type\":\"SearchAction\",\"target\":{\"@type\":\"EntryPoint\",\"urlTemplate\":\"https:\/\/buzonusa.us\/?s={search_term_string}\"},\"query-input\":{\"@type\":\"PropertyValueSpecification\",\"valueRequired\":true,\"valueName\":\"search_term_string\"}}],\"inLanguage\":\"es\"}]}<\/script>\n<!-- \/ Yoast SEO plugin. -->","yoast_head_json":{"title":"Un objetivo compartido - Buzon USA","robots":{"index":"index","follow":"follow","max-snippet":"max-snippet:-1","max-image-preview":"max-image-preview:large","max-video-preview":"max-video-preview:-1"},"canonical":"https:\/\/buzonusa.us\/es\/sobre-nosotros\/un-objetivo-compartido\/","og_locale":"es_ES","og_type":"article","og_title":"Un objetivo compartido - Buzon USA","og_url":"https:\/\/buzonusa.us\/es\/sobre-nosotros\/un-objetivo-compartido\/","og_site_name":"Buzon USA","article_modified_time":"2025-06-18T10:13:50+00:00","twitter_card":"summary_large_image","twitter_misc":{"Tiempo de lectura":"2 minutos"},"schema":{"@context":"https:\/\/schema.org","@graph":[{"@type":"WebPage","@id":"https:\/\/buzonusa.us\/es\/sobre-nosotros\/un-objetivo-compartido\/","url":"https:\/\/buzonusa.us\/es\/sobre-nosotros\/un-objetivo-compartido\/","name":"Un objetivo compartido - Buzon USA","isPartOf":{"@id":"https:\/\/buzonusa.us\/#website"},"datePublished":"2022-07-05T19:50:11+00:00","dateModified":"2025-06-18T10:13:50+00:00","breadcrumb":{"@id":"https:\/\/buzonusa.us\/es\/sobre-nosotros\/un-objetivo-compartido\/#breadcrumb"},"inLanguage":"es","potentialAction":[{"@type":"ReadAction","target":["https:\/\/buzonusa.us\/es\/sobre-nosotros\/un-objetivo-compartido\/"]}]},{"@type":"BreadcrumbList","@id":"https:\/\/buzonusa.us\/es\/sobre-nosotros\/un-objetivo-compartido\/#breadcrumb","itemListElement":[{"@type":"ListItem","position":1,"name":"Home","item":"https:\/\/buzonusa.us\/es\/"},{"@type":"ListItem","position":2,"name":"Sobre nosotros","item":"https:\/\/buzonusa.us\/es\/sobre-nosotros\/"},{"@type":"ListItem","position":3,"name":"Un objetivo compartido"}]},{"@type":"WebSite","@id":"https:\/\/buzonusa.us\/#website","url":"https:\/\/buzonusa.us\/","name":"Buzon USA","description":"","potentialAction":[{"@type":"SearchAction","target":{"@type":"EntryPoint","urlTemplate":"https:\/\/buzonusa.us\/?s={search_term_string}"},"query-input":{"@type":"PropertyValueSpecification","valueRequired":true,"valueName":"search_term_string"}}],"inLanguage":"es"}]}},"_links":{"self":[{"href":"https:\/\/buzonusa.us\/es\/wp-json\/wp\/v2\/pages\/54198","targetHints":{"allow":["GET"]}}],"collection":[{"href":"https:\/\/buzonusa.us\/es\/wp-json\/wp\/v2\/pages"}],"about":[{"href":"https:\/\/buzonusa.us\/es\/wp-json\/wp\/v2\/types\/page"}],"author":[{"embeddable":true,"href":"https:\/\/buzonusa.us\/es\/wp-json\/wp\/v2\/users\/1"}],"replies":[{"embeddable":true,"href":"https:\/\/buzonusa.us\/es\/wp-json\/wp\/v2\/comments?post=54198"}],"version-history":[{"count":2,"href":"https:\/\/buzonusa.us\/es\/wp-json\/wp\/v2\/pages\/54198\/revisions"}],"predecessor-version":[{"id":54201,"href":"https:\/\/buzonusa.us\/es\/wp-json\/wp\/v2\/pages\/54198\/revisions\/54201"}],"up":[{"embeddable":true,"href":"https:\/\/buzonusa.us\/es\/wp-json\/wp\/v2\/pages\/54199"}],"wp:attachment":[{"href":"https:\/\/buzonusa.us\/es\/wp-json\/wp\/v2\/media?parent=54198"}],"wp:term":[{"taxonomy":"accesories_category","embeddable":true,"href":"https:\/\/buzonusa.us\/es\/wp-json\/wp\/v2\/accesories_category?post=54198"},{"taxonomy":"sizes","embeddable":true,"href":"https:\/\/buzonusa.us\/es\/wp-json\/wp\/v2\/sizes?post=54198"},{"taxonomy":"plot_serie","embeddable":true,"href":"https:\/\/buzonusa.us\/es\/wp-json\/wp\/v2\/plot_serie?post=54198"},{"taxonomy":"accesories_category_type","embeddable":true,"href":"https:\/\/buzonusa.us\/es\/wp-json\/wp\/v2\/accesories_category_type?post=54198"},{"taxonomy":"accessories_categories_subtype","embeddable":true,"href":"https:\/\/buzonusa.us\/es\/wp-json\/wp\/v2\/accessories_categories_subtype?post=54198"},{"taxonomy":"accessories_categories_applica","embeddable":true,"href":"https:\/\/buzonusa.us\/es\/wp-json\/wp\/v2\/accessories_categories_applica?post=54198"}],"curies":[{"name":"wp","href":"https:\/\/api.w.org\/{rel}","templated":true}]}}