{"id":54194,"date":"2022-07-05T15:51:19","date_gmt":"2022-07-05T19:51:19","guid":{"rendered":"https:\/\/buzonusa.us\/recursos\/"},"modified":"2025-06-18T06:13:49","modified_gmt":"2025-06-18T10:13:49","slug":"recursos","status":"publish","type":"page","link":"https:\/\/buzonusa.us\/es\/recursos\/","title":{"rendered":"Recursos"},"content":{"rendered":"<section class=\"l-section wpb_row height_auto\"><div class=\"l-section-h i-cf\"><div class=\"g-cols vc_row via_flex valign_top type_default reversed stacking_default\"><div class=\"vc_col-sm-5 wpb_column vc_column_container\"><div class=\"vc_column-inner\"><div class=\"wpb_wrapper\">[vc_raw_html]W3dwc2VvX2JyZWFkY3J1bWJdCg==[\/vc_raw_html]<div class=\"w-separator size_medium\"><\/div><div class=\"wpb_text_column\"><div class=\"wpb_wrapper\"><h1>DOCUMENTACI\u00d3N<\/h1>\n<\/div><\/div><div class=\"w-separator size_small\"><\/div><div class=\"wpb_text_column\"><div class=\"wpb_wrapper\"><p><strong>Es una buena idea explicar.<\/strong><br \/>\n<strong>Pero es mejor mostrar.<\/strong><\/p>\n<\/div><\/div><div class=\"w-separator size_medium\"><\/div><div class=\"w-hwrapper valign_middle wrap align_none\" style=\"--hwrapper-gap:1.20rem\"><div class=\"w-iconbox us_custom_0f8f44b7 buzonbox iconpos_left style_default color_primary align_left no_text icontype_img\"><a title=\"T\u00e9cnico\" href=\"https:\/\/buzonusa.us\/documentations\/technical\/\" class=\"w-iconbox-link\" aria-label=\"T\u00e9cnico\"><div class=\"w-iconbox-icon\" style=\"font-size:3rem;\"><?xml version=\"1.0\" encoding=\"utf-8\"?>\n<!-- Generator: Adobe Illustrator 26.3.1, SVG Export Plug-In . SVG Version: 6.00 Build 0)  -->\n<svg version=\"1.1\" id=\"Group_2361\" xmlns=\"http:\/\/www.w3.org\/2000\/svg\" xmlns:xlink=\"http:\/\/www.w3.org\/1999\/xlink\" x=\"0px\" y=\"0px\"\n\t viewBox=\"0 0 57.6 72\" style=\"enable-background:new 0 0 57.6 72;\" xml:space=\"preserve\">\n<style type=\"text\/css\">\n\t.st0{fill:#FFFFFF;}\n<\/style>\n<path class=\"st0\" d=\"M57.6,15.6C57.6,15.6,57.6,15.5,57.6,15.6c0-0.1-0.1-0.3-0.1-0.4c0,0,0-0.1,0-0.1c-0.1-0.1-0.1-0.2-0.2-0.3\n\tL42.8,0.4c-0.1-0.1-0.2-0.2-0.3-0.2c0,0-0.1,0-0.1,0C42.3,0,42.2,0,42.1,0c0,0,0,0,0,0c-0.1,0-0.2,0-0.3,0H7.2c-4,0-7.3,3.3-7.3,7.3\n\tv57.6c0,4,3.3,7.3,7.3,7.3h43.2c4,0,7.3-3.3,7.3-7.3v-49C57.7,15.7,57.6,15.6,57.6,15.6z\"\/>\n<g id=\"Path_2390\">\n\t<path d=\"M50.4,72.1H7.2c-4,0-7.3-3.3-7.3-7.3V7.2c0-4,3.3-7.3,7.3-7.3h34.6c0.8,0,1.5,0.7,1.5,1.5v12.9h12.9c0.8,0,1.5,0.7,1.5,1.5\n\t\tv49C57.7,68.8,54.4,72.1,50.4,72.1z M7.2,2.9c-2.3,0-4.3,1.9-4.3,4.3v57.6c0,2.3,1.9,4.3,4.3,4.3h43.2c2.3,0,4.3-1.9,4.3-4.3V17.3\n\t\tH41.8c-0.8,0-1.5-0.7-1.5-1.5V2.9H7.2z\"\/>\n<\/g>\n<g id=\"Path_2391\">\n\t<path d=\"M56.2,17.3H41.8c-0.8,0-1.5-0.7-1.5-1.5V1.4c0-0.6,0.4-1.2,0.9-1.4s1.2-0.1,1.6,0.3l14.4,14.4c0.4,0.4,0.6,1.1,0.3,1.6\n\t\tS56.8,17.3,56.2,17.3z M43.3,14.3h9.3l-9.3-9.3V14.3z\"\/>\n<\/g>\n<g id=\"Rectangle_295\">\n\t<path d=\"M46.1,57.1H11.5c-0.8,0-1.5-0.7-1.5-1.5v-31c0-0.8,0.7-1.5,1.5-1.5h34.6c0.8,0,1.5,0.7,1.5,1.5v31\n\t\tC47.6,56.4,46.9,57.1,46.1,57.1z M13,54.1h31.6v-28H13V54.1z\"\/>\n<\/g>\n<g id=\"Path_2392\">\n\t<path d=\"M35.9,57.1H11.5c-0.6,0-1.2-0.4-1.4-0.9c-0.2-0.6-0.1-1.2,0.3-1.6l12.2-12.2c0.6-0.6,1.6-0.6,2.1,0L37,54.5\n\t\tc0.4,0.4,0.6,1.1,0.3,1.6S36.5,57.1,35.9,57.1z M15.1,54.1h17.2l-8.6-8.6L15.1,54.1z\"\/>\n<\/g>\n<g id=\"Path_2393\">\n\t<path d=\"M46.1,57.1H35.9c-0.4,0-0.8-0.2-1.1-0.4l-5.1-5.1c-0.6-0.6-0.6-1.5,0-2.1l5.1-5.1c0.6-0.6,1.5-0.6,2.1,0l10.2,10.2\n\t\tc0.4,0.4,0.6,1.1,0.3,1.6S46.7,57.1,46.1,57.1z M36.5,54.1h5.9l-6.5-6.5l-3,3L36.5,54.1z\"\/>\n<\/g>\n<g id=\"Path_2394\">\n\t<path d=\"M29.8,40.6c-1.5,0-2.9-0.6-3.9-1.6c-1.1-1.1-1.6-2.4-1.6-3.9c0-3.1,2.5-5.6,5.6-5.6c3.1,0,5.6,2.5,5.6,5.6c0,0,0,0,0,0\n\t\tc0,1.5-0.6,2.9-1.6,3.9C32.7,40,31.3,40.6,29.8,40.6C29.8,40.6,29.8,40.6,29.8,40.6z M29.8,32.5c-1.4,0-2.6,1.2-2.6,2.6\n\t\tc0,0.7,0.3,1.3,0.8,1.8c0.5,0.5,1.1,0.8,1.8,0.8c0,0,0,0,0,0c0.7,0,1.3-0.3,1.8-0.8c0.5-0.5,0.8-1.1,0.8-1.8\n\t\tC32.4,33.6,31.2,32.5,29.8,32.5z\"\/>\n<\/g>\n<\/svg>\n<\/div><\/a><div class=\"w-iconbox-meta\"><p class=\"w-iconbox-title\"><a title=\"T\u00e9cnico\" href=\"https:\/\/buzonusa.us\/documentations\/technical\/\" class=\"w-iconbox-link\" aria-label=\"T\u00e9cnico\">T\u00e9cnico<\/a><\/p><\/div><\/div><div class=\"w-iconbox us_custom_0f8f44b7 buzonbox iconpos_left style_default color_primary align_center no_text icontype_img\"><a href=\"https:\/\/www.youtube.com\/c\/buzonpedestal\" class=\"w-iconbox-link\" aria-label=\"V\u00eddeos\"><div class=\"w-iconbox-icon\" style=\"font-size:4rem;\"><?xml version=\"1.0\" encoding=\"UTF-8\"?><svg id=\"Layer_2\" xmlns=\"http:\/\/www.w3.org\/2000\/svg\" viewBox=\"0 0 29.64 29.65\"><defs><style>.cls-1{fill:#fff;}<\/style><\/defs><g id=\"Layer_1-2\"><g><g id=\"Group_2354\"><g id=\"Path_2385\"><path class=\"cls-1\" d=\"M24.86,4.78c5.55,5.55,5.55,14.54,0,20.09-5.55,5.55-14.54,5.55-20.09,0C-.77,19.32-.77,10.33,4.77,4.78,10.32-.77,19.31-.77,24.86,4.78Z\"\/><path d=\"M14.82,29.65c-3.96,0-7.68-1.54-10.48-4.34C-1.44,19.53-1.44,10.12,4.33,4.34,7.13,1.54,10.86,0,14.82,0s7.68,1.54,10.48,4.34h0c2.8,2.8,4.34,6.52,4.34,10.48s-1.54,7.68-4.34,10.48c-2.8,2.8-6.52,4.34-10.48,4.34ZM14.82,1.24c-3.63,0-7.04,1.41-9.6,3.98C-.08,10.51-.08,19.13,5.21,24.43c2.57,2.57,5.98,3.98,9.6,3.98s7.04-1.41,9.6-3.98,3.98-5.98,3.98-9.6-1.41-7.04-3.98-9.6h0c-2.57-2.57-5.98-3.98-9.6-3.98Z\"\/><\/g><\/g><g><path class=\"cls-1\" d=\"M11.65,14.82v-3.9c0-.62,.67-1.01,1.21-.7l3.37,1.95,3.37,1.95c.54,.31,.54,1.09,0,1.4l-3.37,1.95-3.37,1.95c-.54,.31-1.21-.08-1.21-.7v-3.9Z\"\/><path d=\"M12.46,20.15c-.25,0-.49-.06-.71-.19-.45-.26-.71-.72-.71-1.24v-7.79c0-.52,.27-.98,.71-1.24,.45-.26,.98-.26,1.43,0l6.75,3.9c.45,.26,.71,.72,.71,1.24s-.27,.98-.71,1.24l-6.75,3.9c-.22,.13-.47,.19-.71,.19Zm0-9.41s-.07,.01-.09,.03c-.04,.02-.09,.07-.09,.16v7.79c0,.09,.06,.14,.09,.16,.04,.02,.11,.05,.19,0l6.75-3.9c.08-.05,.09-.12,.09-.16s-.01-.11-.09-.16l-6.75-3.9s-.06-.03-.09-.03Z\"\/><\/g><\/g><\/g><\/svg><\/div><\/a><div class=\"w-iconbox-meta\"><p class=\"w-iconbox-title\"><a href=\"https:\/\/www.youtube.com\/c\/buzonpedestal\" class=\"w-iconbox-link\" aria-label=\"V\u00eddeos\">V\u00eddeos<\/a><\/p><\/div><\/div><div class=\"w-iconbox us_custom_0f8f44b7 buzonbox hide_on_default hide_on_laptops hide_on_tablets hide_on_mobiles iconpos_left style_default color_primary align_center no_text icontype_img\"><a href=\"#resource\" class=\"w-iconbox-link\" aria-label=\"Centro de recursos\"><div class=\"w-iconbox-icon\" style=\"font-size:4rem;\"><?xml version=\"1.0\" encoding=\"UTF-8\"?><svg id=\"Layer_2\" xmlns=\"http:\/\/www.w3.org\/2000\/svg\" viewBox=\"0 0 29.64 29.64\"><defs><style>.cls-1{fill:#fff;}<\/style><\/defs><g id=\"Layer_1-2\"><g><g id=\"Group_2354\"><g id=\"Path_2385\"><path class=\"cls-1\" d=\"M24.86,4.77c5.55,5.55,5.55,14.54,0,20.09-5.55,5.55-14.54,5.55-20.09,0C-.77,19.31-.77,10.32,4.77,4.77,10.32-.77,19.31-.77,24.86,4.77Z\"\/><path d=\"M14.82,29.64c-3.96,0-7.68-1.54-10.48-4.34C-1.44,19.52-1.44,10.11,4.33,4.33c5.78-5.78,15.18-5.78,20.96,0,2.8,2.8,4.34,6.52,4.34,10.48s-1.54,7.68-4.34,10.48-6.52,4.34-10.48,4.34ZM14.82,1.24c-3.48,0-6.96,1.32-9.6,3.97-5.3,5.3-5.3,13.91,0,19.21,2.56,2.57,5.98,3.98,9.6,3.98s7.04-1.41,9.6-3.98,3.98-5.98,3.98-9.6-1.41-7.04-3.98-9.6c-2.65-2.65-6.13-3.97-9.6-3.97Z\"\/><\/g><\/g><g><g><circle class=\"cls-1\" cx=\"14.82\" cy=\"8.4\" r=\"1.8\"\/><path d=\"M14.82,10.82c-1.34,0-2.42-1.09-2.42-2.42s1.09-2.42,2.42-2.42,2.42,1.09,2.42,2.42-1.09,2.42-2.42,2.42Zm0-3.61c-.65,0-1.18,.53-1.18,1.18s.53,1.18,1.18,1.18,1.18-.53,1.18-1.18-.53-1.18-1.18-1.18Z\"\/><\/g><g><rect class=\"cls-1\" x=\"13.01\" y=\"13.23\" width=\"3.61\" height=\"9.81\"\/><path d=\"M16.62,23.6h-3.61c-.31,0-.56-.25-.56-.56V13.23c0-.31,.25-.56,.56-.56h3.61c.31,0,.56,.25,.56,.56v9.81c0,.31-.25,.56-.56,.56Zm-3.04-1.13h2.48V13.8h-2.48v8.68Z\"\/><\/g><\/g><\/g><\/g><\/svg><\/div><\/a><div class=\"w-iconbox-meta\"><p class=\"w-iconbox-title\"><a href=\"#resource\" class=\"w-iconbox-link\" aria-label=\"Centro de recursos\">Centro de recursos<\/a><\/p><\/div><\/div><\/div><div class=\"w-separator size_large\"><\/div><\/div><\/div><\/div><div class=\"vc_col-sm-1 wpb_column vc_column_container\"><div class=\"vc_column-inner\"><div class=\"wpb_wrapper\"><\/div><\/div><\/div><div class=\"vc_col-sm-6 wpb_column vc_column_container m300 has_bg_color\"><div class=\"vc_column-inner us_custom_dc79e2e8\"><div class=\"wpb_wrapper\"><\/div><\/div><\/div><\/div><\/div><\/section>\n","protected":false},"excerpt":{"rendered":"[vc_raw_html]W3dwc2VvX2JyZWFkY3J1bWJdCg==[\/vc_raw_html]DOCUMENTACI\u00d3N Es una buena idea explicar. Pero es mejor mostrar. T\u00e9cnicoV\u00eddeosCentro de recursos","protected":false},"author":1,"featured_media":0,"parent":0,"menu_order":12,"comment_status":"closed","ping_status":"closed","template":"","meta":{"_acf_changed":false,"footnotes":""},"accesories_category":[],"sizes":[],"plot_serie":[],"accesories_category_type":[],"accessories_categories_subtype":[],"accessories_categories_applica":[],"class_list":["post-54194","page","type-page","status-publish","hentry"],"acf":[],"yoast_head":"<!-- This site is optimized with the Yoast SEO plugin v26.3 - https:\/\/yoast.com\/wordpress\/plugins\/seo\/ -->\n<title>Recursos - Buzon USA<\/title>\n<meta name=\"robots\" content=\"index, follow, max-snippet:-1, max-image-preview:large, max-video-preview:-1\" \/>\n<link rel=\"canonical\" href=\"https:\/\/buzonusa.us\/es\/recursos\/\" \/>\n<meta property=\"og:locale\" content=\"es_ES\" \/>\n<meta property=\"og:type\" content=\"article\" \/>\n<meta property=\"og:title\" content=\"Recursos - Buzon USA\" \/>\n<meta property=\"og:url\" content=\"https:\/\/buzonusa.us\/es\/recursos\/\" \/>\n<meta property=\"og:site_name\" content=\"Buzon USA\" \/>\n<meta property=\"article:modified_time\" content=\"2025-06-18T10:13:49+00:00\" \/>\n<meta name=\"twitter:card\" content=\"summary_large_image\" \/>\n<meta name=\"twitter:label1\" content=\"Tiempo de lectura\" \/>\n\t<meta name=\"twitter:data1\" content=\"5 minutos\" \/>\n<script type=\"application\/ld+json\" class=\"yoast-schema-graph\">{\"@context\":\"https:\/\/schema.org\",\"@graph\":[{\"@type\":\"WebPage\",\"@id\":\"https:\/\/buzonusa.us\/es\/recursos\/\",\"url\":\"https:\/\/buzonusa.us\/es\/recursos\/\",\"name\":\"Recursos - Buzon USA\",\"isPartOf\":{\"@id\":\"https:\/\/buzonusa.us\/#website\"},\"datePublished\":\"2022-07-05T19:51:19+00:00\",\"dateModified\":\"2025-06-18T10:13:49+00:00\",\"breadcrumb\":{\"@id\":\"https:\/\/buzonusa.us\/es\/recursos\/#breadcrumb\"},\"inLanguage\":\"es\",\"potentialAction\":[{\"@type\":\"ReadAction\",\"target\":[\"https:\/\/buzonusa.us\/es\/recursos\/\"]}]},{\"@type\":\"BreadcrumbList\",\"@id\":\"https:\/\/buzonusa.us\/es\/recursos\/#breadcrumb\",\"itemListElement\":[{\"@type\":\"ListItem\",\"position\":1,\"name\":\"Home\",\"item\":\"https:\/\/buzonusa.us\/es\/\"},{\"@type\":\"ListItem\",\"position\":2,\"name\":\"Recursos\"}]},{\"@type\":\"WebSite\",\"@id\":\"https:\/\/buzonusa.us\/#website\",\"url\":\"https:\/\/buzonusa.us\/\",\"name\":\"Buzon USA\",\"description\":\"\",\"potentialAction\":[{\"@type\":\"SearchAction\",\"target\":{\"@type\":\"EntryPoint\",\"urlTemplate\":\"https:\/\/buzonusa.us\/?s={search_term_string}\"},\"query-input\":{\"@type\":\"PropertyValueSpecification\",\"valueRequired\":true,\"valueName\":\"search_term_string\"}}],\"inLanguage\":\"es\"}]}<\/script>\n<!-- \/ Yoast SEO plugin. -->","yoast_head_json":{"title":"Recursos - Buzon USA","robots":{"index":"index","follow":"follow","max-snippet":"max-snippet:-1","max-image-preview":"max-image-preview:large","max-video-preview":"max-video-preview:-1"},"canonical":"https:\/\/buzonusa.us\/es\/recursos\/","og_locale":"es_ES","og_type":"article","og_title":"Recursos - Buzon USA","og_url":"https:\/\/buzonusa.us\/es\/recursos\/","og_site_name":"Buzon USA","article_modified_time":"2025-06-18T10:13:49+00:00","twitter_card":"summary_large_image","twitter_misc":{"Tiempo de lectura":"5 minutos"},"schema":{"@context":"https:\/\/schema.org","@graph":[{"@type":"WebPage","@id":"https:\/\/buzonusa.us\/es\/recursos\/","url":"https:\/\/buzonusa.us\/es\/recursos\/","name":"Recursos - Buzon USA","isPartOf":{"@id":"https:\/\/buzonusa.us\/#website"},"datePublished":"2022-07-05T19:51:19+00:00","dateModified":"2025-06-18T10:13:49+00:00","breadcrumb":{"@id":"https:\/\/buzonusa.us\/es\/recursos\/#breadcrumb"},"inLanguage":"es","potentialAction":[{"@type":"ReadAction","target":["https:\/\/buzonusa.us\/es\/recursos\/"]}]},{"@type":"BreadcrumbList","@id":"https:\/\/buzonusa.us\/es\/recursos\/#breadcrumb","itemListElement":[{"@type":"ListItem","position":1,"name":"Home","item":"https:\/\/buzonusa.us\/es\/"},{"@type":"ListItem","position":2,"name":"Recursos"}]},{"@type":"WebSite","@id":"https:\/\/buzonusa.us\/#website","url":"https:\/\/buzonusa.us\/","name":"Buzon USA","description":"","potentialAction":[{"@type":"SearchAction","target":{"@type":"EntryPoint","urlTemplate":"https:\/\/buzonusa.us\/?s={search_term_string}"},"query-input":{"@type":"PropertyValueSpecification","valueRequired":true,"valueName":"search_term_string"}}],"inLanguage":"es"}]}},"_links":{"self":[{"href":"https:\/\/buzonusa.us\/es\/wp-json\/wp\/v2\/pages\/54194","targetHints":{"allow":["GET"]}}],"collection":[{"href":"https:\/\/buzonusa.us\/es\/wp-json\/wp\/v2\/pages"}],"about":[{"href":"https:\/\/buzonusa.us\/es\/wp-json\/wp\/v2\/types\/page"}],"author":[{"embeddable":true,"href":"https:\/\/buzonusa.us\/es\/wp-json\/wp\/v2\/users\/1"}],"replies":[{"embeddable":true,"href":"https:\/\/buzonusa.us\/es\/wp-json\/wp\/v2\/comments?post=54194"}],"version-history":[{"count":2,"href":"https:\/\/buzonusa.us\/es\/wp-json\/wp\/v2\/pages\/54194\/revisions"}],"predecessor-version":[{"id":54197,"href":"https:\/\/buzonusa.us\/es\/wp-json\/wp\/v2\/pages\/54194\/revisions\/54197"}],"wp:attachment":[{"href":"https:\/\/buzonusa.us\/es\/wp-json\/wp\/v2\/media?parent=54194"}],"wp:term":[{"taxonomy":"accesories_category","embeddable":true,"href":"https:\/\/buzonusa.us\/es\/wp-json\/wp\/v2\/accesories_category?post=54194"},{"taxonomy":"sizes","embeddable":true,"href":"https:\/\/buzonusa.us\/es\/wp-json\/wp\/v2\/sizes?post=54194"},{"taxonomy":"plot_serie","embeddable":true,"href":"https:\/\/buzonusa.us\/es\/wp-json\/wp\/v2\/plot_serie?post=54194"},{"taxonomy":"accesories_category_type","embeddable":true,"href":"https:\/\/buzonusa.us\/es\/wp-json\/wp\/v2\/accesories_category_type?post=54194"},{"taxonomy":"accessories_categories_subtype","embeddable":true,"href":"https:\/\/buzonusa.us\/es\/wp-json\/wp\/v2\/accessories_categories_subtype?post=54194"},{"taxonomy":"accessories_categories_applica","embeddable":true,"href":"https:\/\/buzonusa.us\/es\/wp-json\/wp\/v2\/accessories_categories_applica?post=54194"}],"curies":[{"name":"wp","href":"https:\/\/api.w.org\/{rel}","templated":true}]}}