{"id":54096,"date":"2022-07-05T15:42:00","date_gmt":"2022-07-05T19:42:00","guid":{"rendered":"https:\/\/buzonusa.us\/aplicaciones\/"},"modified":"2025-06-18T09:22:47","modified_gmt":"2025-06-18T13:22:47","slug":"aplicaciones","status":"publish","type":"page","link":"https:\/\/buzonusa.us\/es\/aplicaciones\/","title":{"rendered":"Aplicaciones"},"content":{"rendered":"<section class=\"l-section wpb_row yellowhoverlinks blacksqgrid3 height_medium\"><div class=\"l-section-h i-cf\"><div class=\"g-cols vc_row via_flex valign_top type_default stacking_default\"><div class=\"vc_col-sm-4 wpb_column vc_column_container\"><div class=\"vc_column-inner\"><div class=\"wpb_wrapper\"><div class=\"w-image has_ratio align_none\"><div class=\"w-image-h\"><div style=\"padding-bottom:50.9434%\"><\/div><img decoding=\"async\" width=\"770\" height=\"330\" src=\"https:\/\/buzonusa.us\/wp-content\/uploads\/2023\/05\/menu-applications-PRIVE.png\" class=\"attachment-large size-large\" alt=\"\" loading=\"lazy\" \/><\/div><\/div><div class=\"wpb_text_column us_custom_3b8f9481 longline\"><div class=\"wpb_wrapper\"><h3>Terrazas residenciales<\/h3>\n<\/div><\/div><div class=\"wpb_text_column\"><div class=\"wpb_wrapper\"><p><strong>Serie PB<\/strong><\/p>\n<p><a class=\"ubermenu-target ubermenu-item-layout-default ubermenu-item-layout-text_only\" href=\"https:\/\/buzonusa.us\/es\/aplicaciones\/aplicaciones-residenciales\/adoquines-de-2-cm-sobre-pedestal\/\"><span class=\"ubermenu-target-title ubermenu-target-text\">Adoquines porcel\u00e1nicos sobre pedestal<\/span><\/a><br \/>\n<a class=\"ubermenu-target ubermenu-item-layout-default ubermenu-item-layout-text_only\" href=\"https:\/\/buzonusa.us\/es\/aplicaciones\/aplicaciones-comerciales\/adoquines-de-porcelana-sobre-viguetas\/\"><span class=\"ubermenu-target-title ubermenu-target-text\">Adoquines sobre vigas<\/span><\/a><br \/>\n<a class=\"ubermenu-target ubermenu-item-layout-default ubermenu-item-layout-text_only\" href=\"https:\/\/buzonusa.us\/es\/aplicaciones\/aplicaciones-comerciales\/tarima-o-patio\/\"><span class=\"ubermenu-target-title ubermenu-target-text\">Entarimado o patio <\/span><\/a><\/p>\n<\/div><\/div><\/div><\/div><\/div><div class=\"vc_col-sm-8 wpb_column vc_column_container\"><div class=\"vc_column-inner\"><div class=\"wpb_wrapper\"><div class=\"g-cols wpb_row via_flex valign_top type_default stacking_default\"><div class=\"vc_col-sm-12 wpb_column vc_column_container\"><div class=\"vc_column-inner\"><div class=\"wpb_wrapper\"><div class=\"w-image has_ratio align_none\"><div class=\"w-image-h\"><div style=\"padding-bottom:24.5283%\"><\/div><img decoding=\"async\" width=\"770\" height=\"330\" src=\"https:\/\/buzonusa.us\/wp-content\/uploads\/2023\/05\/menu-applications-PUBLIC.png\" class=\"attachment-large size-large\" alt=\"\" loading=\"lazy\" \/><\/div><\/div><\/div><\/div><\/div><\/div><div class=\"wpb_text_column us_custom_3b8f9481 longline\"><div class=\"wpb_wrapper\"><h3>Terrazas comerciales<\/h3>\n<\/div><\/div><div class=\"g-cols wpb_row via_flex valign_top type_default stacking_default\"><div class=\"vc_col-sm-6 wpb_column vc_column_container\"><div class=\"vc_column-inner\"><div class=\"wpb_wrapper\"><div class=\"wpb_text_column\"><div class=\"wpb_wrapper\"><p><strong>Serie DPH<\/strong><\/p>\n<p><a class=\"ubermenu-target ubermenu-item-layout-default ubermenu-item-layout-text_only\" href=\"https:\/\/buzonusa.us\/es\/aplicaciones\/aplicaciones-comerciales\/adoquines-de-porcelana-sobre-pedestal\/\"><span class=\"ubermenu-target-title ubermenu-target-text\">Adoquines porcel\u00e1nicos sobre pedestal <\/span><\/a><br \/>\n<a class=\"ubermenu-target ubermenu-item-layout-default ubermenu-item-layout-text_only\" href=\"https:\/\/buzonusa.us\/es\/aplicaciones\/aplicaciones-comerciales\/adoquines-de-porcelana-sobre-viguetas\/\"><span class=\"ubermenu-target-title ubermenu-target-text\">Adoquines de porcelana sobre vigas<\/span><\/a><br \/>\n<a class=\"ubermenu-target ubermenu-item-layout-default ubermenu-item-layout-text_only\" href=\"https:\/\/buzonusa.us\/es\/aplicaciones\/aplicaciones-residenciales\/tarima-o-patio\/\"><span class=\"ubermenu-target-title ubermenu-target-text\">Entarimado o patio <\/span><\/a><\/p>\n<\/div><\/div><\/div><\/div><\/div><div class=\"vc_col-sm-6 wpb_column vc_column_container\"><div class=\"vc_column-inner\"><div class=\"wpb_wrapper\"><div class=\"wpb_text_column\"><div class=\"wpb_wrapper\"><p><strong>Serie PB<\/strong><\/p>\n<p><a class=\"ubermenu-target ubermenu-item-layout-default ubermenu-item-layout-text_only\" href=\"https:\/\/buzonusa.us\/es\/aplicaciones\/aplicaciones-comerciales\/adoquines-de-porcelana-sobre-pedestal\/\"><span class=\"ubermenu-target-title ubermenu-target-text\">Adoquines porcel\u00e1nicos sobre pedestal <\/span><\/a><br \/>\n<a class=\"ubermenu-target ubermenu-item-layout-default ubermenu-item-layout-text_only\" href=\"https:\/\/buzonusa.us\/es\/aplicaciones\/aplicaciones-comerciales\/adoquines-de-porcelana-sobre-viguetas\/\"><span class=\"ubermenu-target-title ubermenu-target-text\">Adoquines sobre vigas<\/span><\/a><br \/>\n<a class=\"ubermenu-target ubermenu-item-layout-default ubermenu-item-layout-text_only\" href=\"https:\/\/buzonusa.us\/es\/aplicaciones\/aplicaciones-residenciales\/tarima-o-patio\/\"><span class=\"ubermenu-target-title ubermenu-target-text\">Entarimado o patio <\/span><\/a><\/p>\n<\/div><\/div><\/div><\/div><\/div><\/div><\/div><\/div><\/div><\/div><\/div><\/section>\n","protected":false},"excerpt":{"rendered":"Terrazas residenciales Serie PB Adoquines porcel\u00e1nicos sobre pedestal Adoquines sobre vigas Entarimado o patio Terrazas comerciales Serie DPH Adoquines porcel\u00e1nicos sobre pedestal Adoquines de porcelana sobre vigas Entarimado o patio Serie PB Adoquines porcel\u00e1nicos sobre pedestal Adoquines sobre vigas Entarimado o patio","protected":false},"author":1,"featured_media":0,"parent":0,"menu_order":11,"comment_status":"closed","ping_status":"closed","template":"","meta":{"_acf_changed":false,"footnotes":""},"accesories_category":[],"sizes":[],"plot_serie":[],"accesories_category_type":[],"accessories_categories_subtype":[],"accessories_categories_applica":[],"class_list":["post-54096","page","type-page","status-publish","hentry"],"acf":[],"yoast_head":"<!-- This site is optimized with the Yoast SEO plugin v26.3 - https:\/\/yoast.com\/wordpress\/plugins\/seo\/ -->\n<title>Aplicaciones - Buzon USA<\/title>\n<meta name=\"robots\" content=\"index, follow, max-snippet:-1, max-image-preview:large, max-video-preview:-1\" \/>\n<link rel=\"canonical\" href=\"https:\/\/buzonusa.us\/es\/aplicaciones\/\" \/>\n<meta property=\"og:locale\" content=\"es_ES\" \/>\n<meta property=\"og:type\" content=\"article\" \/>\n<meta property=\"og:title\" content=\"Aplicaciones - Buzon USA\" \/>\n<meta property=\"og:url\" content=\"https:\/\/buzonusa.us\/es\/aplicaciones\/\" \/>\n<meta property=\"og:site_name\" content=\"Buzon USA\" \/>\n<meta property=\"article:modified_time\" content=\"2025-06-18T13:22:47+00:00\" \/>\n<meta name=\"twitter:card\" content=\"summary_large_image\" \/>\n<meta name=\"twitter:label1\" content=\"Tiempo de lectura\" \/>\n\t<meta name=\"twitter:data1\" content=\"1 minuto\" \/>\n<script type=\"application\/ld+json\" class=\"yoast-schema-graph\">{\"@context\":\"https:\/\/schema.org\",\"@graph\":[{\"@type\":\"WebPage\",\"@id\":\"https:\/\/buzonusa.us\/es\/aplicaciones\/\",\"url\":\"https:\/\/buzonusa.us\/es\/aplicaciones\/\",\"name\":\"Aplicaciones - Buzon USA\",\"isPartOf\":{\"@id\":\"https:\/\/buzonusa.us\/#website\"},\"datePublished\":\"2022-07-05T19:42:00+00:00\",\"dateModified\":\"2025-06-18T13:22:47+00:00\",\"breadcrumb\":{\"@id\":\"https:\/\/buzonusa.us\/es\/aplicaciones\/#breadcrumb\"},\"inLanguage\":\"es\",\"potentialAction\":[{\"@type\":\"ReadAction\",\"target\":[\"https:\/\/buzonusa.us\/es\/aplicaciones\/\"]}]},{\"@type\":\"BreadcrumbList\",\"@id\":\"https:\/\/buzonusa.us\/es\/aplicaciones\/#breadcrumb\",\"itemListElement\":[{\"@type\":\"ListItem\",\"position\":1,\"name\":\"Home\",\"item\":\"https:\/\/buzonusa.us\/es\/\"},{\"@type\":\"ListItem\",\"position\":2,\"name\":\"Aplicaciones\"}]},{\"@type\":\"WebSite\",\"@id\":\"https:\/\/buzonusa.us\/#website\",\"url\":\"https:\/\/buzonusa.us\/\",\"name\":\"Buzon USA\",\"description\":\"\",\"potentialAction\":[{\"@type\":\"SearchAction\",\"target\":{\"@type\":\"EntryPoint\",\"urlTemplate\":\"https:\/\/buzonusa.us\/?s={search_term_string}\"},\"query-input\":{\"@type\":\"PropertyValueSpecification\",\"valueRequired\":true,\"valueName\":\"search_term_string\"}}],\"inLanguage\":\"es\"}]}<\/script>\n<!-- \/ Yoast SEO plugin. -->","yoast_head_json":{"title":"Aplicaciones - Buzon USA","robots":{"index":"index","follow":"follow","max-snippet":"max-snippet:-1","max-image-preview":"max-image-preview:large","max-video-preview":"max-video-preview:-1"},"canonical":"https:\/\/buzonusa.us\/es\/aplicaciones\/","og_locale":"es_ES","og_type":"article","og_title":"Aplicaciones - Buzon USA","og_url":"https:\/\/buzonusa.us\/es\/aplicaciones\/","og_site_name":"Buzon USA","article_modified_time":"2025-06-18T13:22:47+00:00","twitter_card":"summary_large_image","twitter_misc":{"Tiempo de lectura":"1 minuto"},"schema":{"@context":"https:\/\/schema.org","@graph":[{"@type":"WebPage","@id":"https:\/\/buzonusa.us\/es\/aplicaciones\/","url":"https:\/\/buzonusa.us\/es\/aplicaciones\/","name":"Aplicaciones - Buzon USA","isPartOf":{"@id":"https:\/\/buzonusa.us\/#website"},"datePublished":"2022-07-05T19:42:00+00:00","dateModified":"2025-06-18T13:22:47+00:00","breadcrumb":{"@id":"https:\/\/buzonusa.us\/es\/aplicaciones\/#breadcrumb"},"inLanguage":"es","potentialAction":[{"@type":"ReadAction","target":["https:\/\/buzonusa.us\/es\/aplicaciones\/"]}]},{"@type":"BreadcrumbList","@id":"https:\/\/buzonusa.us\/es\/aplicaciones\/#breadcrumb","itemListElement":[{"@type":"ListItem","position":1,"name":"Home","item":"https:\/\/buzonusa.us\/es\/"},{"@type":"ListItem","position":2,"name":"Aplicaciones"}]},{"@type":"WebSite","@id":"https:\/\/buzonusa.us\/#website","url":"https:\/\/buzonusa.us\/","name":"Buzon USA","description":"","potentialAction":[{"@type":"SearchAction","target":{"@type":"EntryPoint","urlTemplate":"https:\/\/buzonusa.us\/?s={search_term_string}"},"query-input":{"@type":"PropertyValueSpecification","valueRequired":true,"valueName":"search_term_string"}}],"inLanguage":"es"}]}},"_links":{"self":[{"href":"https:\/\/buzonusa.us\/es\/wp-json\/wp\/v2\/pages\/54096","targetHints":{"allow":["GET"]}}],"collection":[{"href":"https:\/\/buzonusa.us\/es\/wp-json\/wp\/v2\/pages"}],"about":[{"href":"https:\/\/buzonusa.us\/es\/wp-json\/wp\/v2\/types\/page"}],"author":[{"embeddable":true,"href":"https:\/\/buzonusa.us\/es\/wp-json\/wp\/v2\/users\/1"}],"replies":[{"embeddable":true,"href":"https:\/\/buzonusa.us\/es\/wp-json\/wp\/v2\/comments?post=54096"}],"version-history":[{"count":4,"href":"https:\/\/buzonusa.us\/es\/wp-json\/wp\/v2\/pages\/54096\/revisions"}],"predecessor-version":[{"id":57145,"href":"https:\/\/buzonusa.us\/es\/wp-json\/wp\/v2\/pages\/54096\/revisions\/57145"}],"wp:attachment":[{"href":"https:\/\/buzonusa.us\/es\/wp-json\/wp\/v2\/media?parent=54096"}],"wp:term":[{"taxonomy":"accesories_category","embeddable":true,"href":"https:\/\/buzonusa.us\/es\/wp-json\/wp\/v2\/accesories_category?post=54096"},{"taxonomy":"sizes","embeddable":true,"href":"https:\/\/buzonusa.us\/es\/wp-json\/wp\/v2\/sizes?post=54096"},{"taxonomy":"plot_serie","embeddable":true,"href":"https:\/\/buzonusa.us\/es\/wp-json\/wp\/v2\/plot_serie?post=54096"},{"taxonomy":"accesories_category_type","embeddable":true,"href":"https:\/\/buzonusa.us\/es\/wp-json\/wp\/v2\/accesories_category_type?post=54096"},{"taxonomy":"accessories_categories_subtype","embeddable":true,"href":"https:\/\/buzonusa.us\/es\/wp-json\/wp\/v2\/accessories_categories_subtype?post=54096"},{"taxonomy":"accessories_categories_applica","embeddable":true,"href":"https:\/\/buzonusa.us\/es\/wp-json\/wp\/v2\/accessories_categories_applica?post=54096"}],"curies":[{"name":"wp","href":"https:\/\/api.w.org\/{rel}","templated":true}]}}