{"id":54078,"date":"2022-07-04T15:06:58","date_gmt":"2022-07-04T19:06:58","guid":{"rendered":"https:\/\/buzonusa.us\/politica-de-privacidad\/"},"modified":"2025-06-18T11:11:06","modified_gmt":"2025-06-18T15:11:06","slug":"politica-de-privacidad","status":"publish","type":"page","link":"https:\/\/buzonusa.us\/es\/politica-de-privacidad\/","title":{"rendered":"Pol\u00edtica de privacidad"},"content":{"rendered":"<section class=\"l-section wpb_row height_medium\"><div class=\"l-section-h i-cf\"><div class=\"g-cols vc_row via_flex valign_top type_default stacking_default\"><div class=\"vc_col-sm-12 wpb_column vc_column_container\"><div class=\"vc_column-inner\"><div class=\"wpb_wrapper\"><div class=\"wpb_text_column\"><div class=\"wpb_wrapper\"><h1 class=\"wp-block-heading\">AVISOS LEGALES Y POL\u00cdTICA DE CONFIDENCIALIDAD<\/h1>\n<h3>PROPIEDAD INTELECTUAL<\/h3>\n<p>&nbsp;<\/p>\n<p>BUZON PEDESTAL INTERNATIONAL S.A.<\/p>\n<p>Zoning Industriel des Hauts-Sarts<\/p>\n<p>4\u00e8me Avenue, 25<\/p>\n<p>4040 Herstal<\/p>\n<p>B\u00e9lgica<\/p>\n<p>Banque Carrefour des Entreprises [Base de datos de empresas belgas] 0430 058 210<\/p>\n<p>Tel: +32 4 248 39 83<\/p>\n<p>Correo electr\u00f3nico: julie.bourchis@buzon-world.com<\/p>\n<p>BUZON es una marca registrada en el Benelux, Europa y a escala internacional.<\/p>\n<p>Los textos, la maquetaci\u00f3n, las ilustraciones, las fotos, las animaciones, las bases de datos, los logotipos, los documentos t\u00e9cnicos y los folletos de este sitio est\u00e1n protegidos por derechos de autor\u00a9.<\/p>\n<p>Toda copia, adaptaci\u00f3n, modificaci\u00f3n, traducci\u00f3n, configuraci\u00f3n, almacenamiento en bases de datos o cualquier publicaci\u00f3n de la totalidad o parte de este sitio, en cualquier forma y por cualquier medio, ya sea electr\u00f3nico, mec\u00e1nico o de otro tipo, est\u00e1 estrictamente prohibida, a menos que se haya obtenido el consentimiento previo por escrito de BUZON PEDESTAL INTERNATIONAL SA.<\/p>\n<p>Se permite la descarga de documentos t\u00e9cnicos, folletos y cat\u00e1logos con fines de consulta y formaci\u00f3n. Queda prohibida toda reproducci\u00f3n sin la autorizaci\u00f3n previa por escrito de BUZON PEDESTAL INTERNATIONAL SA.<\/p>\n<p>Las personas que deseen utilizar el contenido de este sitio, en particular hiperv\u00ednculos, im\u00e1genes, gr\u00e1ficos, fotos y textos, deben ponerse en contacto primero con BUZON PEDESTAL INTERNATIONAL SA escribiendo a: info@buzon-world.com.<\/p>\n<h3>EXENCI\u00d3N DE RESPONSABILIDAD<\/h3>\n<p>El objetivo de este sitio web es informar al p\u00fablico sobre nuestro trabajo, nuestros productos y servicios. Esta informaci\u00f3n no es necesariamente exhaustiva y no compromete en ning\u00fan caso a nuestra empresa (informaci\u00f3n no contractual) Buzon Pedestal International SA se reserva el derecho de modificar, completar o completar este sitio en cualquier momento y sin previo aviso.<\/p>\n<p>Si se nos se\u00f1alan inexactitudes, nos esforzaremos por realizar las correcciones necesarias.<\/p>\n<p>Renunciamos a toda responsabilidad relacionada con las interrupciones causadas por problemas t\u00e9cnicos que puedan derivarse del uso de este sitio o de las actualizaciones del mismo.<\/p>\n<h3>TRATAMIENTO DE DATOS PERSONALES<\/h3>\n<p>1. Puede visitar nuestro sitio web, informarse sobre nuestros productos y servicios y conocer nuestras \u00faltimas novedades, sin obligaci\u00f3n de facilitarnos ninguna informaci\u00f3n personal. En caso de que decida proporcionarnos su informaci\u00f3n personal, esta ser\u00e1 procesada confidencialmente por BUZON PEDESTAL INTERNATIONAL SA de conformidad con el reglamento europeo sobre protecci\u00f3n de datos, en adelante \u00abGDPR\u00bb, que entr\u00f3 en vigor el 25 de mayo de 2018.<\/p>\n<p>2. Como parte de nuestras actividades comerciales, nuestra empresa procesa datos personales para los que act\u00faa como Controlador de Datos responsable de los datos que recopilamos. Nuestra empresa recopila datos relacionados con nuestros clientes y socios comerciales. Estos datos se recogen de forma l\u00edcita, honesta y transparente. La forma en que recopilamos los datos es adecuada, pertinente y restringida a lo necesario. Estos datos se mantienen actualizados.<\/p>\n<p>3. A menos que se especifique lo contrario por escrito al Responsable de Protecci\u00f3n de Datos (RPD) mencionado a continuaci\u00f3n, todos los interesados dan su consentimiento (art\u00edculo 6 \u00a71, par. a del GDPR), marcando la casilla prevista a tal efecto en nuestro sitio web, para el tratamiento de sus datos personales que son esenciales para prestar los siguientes servicios:<\/p>\n<p>comunicaci\u00f3n de informaci\u00f3n relativa a los servicios, productos y actividades de BUZON PEDESTAL INTERNATIONAL SA,<\/p>\n<p>distribuci\u00f3n de boletines informativos,<\/p>\n<p>notificaci\u00f3n y actividades promocionales relativas a los productos y servicios de BUZON PEDESTAL INTERNATIONAL SA,<\/p>\n<p>actividades de investigaci\u00f3n de mercado<\/p>\n<p>gesti\u00f3n de clientes,<\/p>\n<p>emisi\u00f3n, cobro y verificaci\u00f3n de facturas,<\/p>\n<p>1. Puede visitar nuestro sitio web, informarse sobre nuestros productos y servicios y conocer nuestras \u00faltimas novedades, sin obligaci\u00f3n de facilitarnos ninguna informaci\u00f3n personal. En caso de que decida proporcionarnos su informaci\u00f3n personal, esta ser\u00e1 procesada confidencialmente por BUZON PEDESTAL INTERNATIONAL SA de conformidad con el reglamento europeo sobre protecci\u00f3n de datos, en adelante \u00abGDPR\u00bb, que entr\u00f3 en vigor el 25 de mayo de 2018.<\/p>\n<p>2. Como parte de nuestras actividades comerciales, nuestra empresa procesa datos personales para los que act\u00faa como Controlador de Datos responsable de los datos que recopilamos. Nuestra empresa recopila datos relacionados con nuestros clientes y socios comerciales. Estos datos se recogen de forma l\u00edcita, honesta y transparente. La forma en que recopilamos los datos es adecuada, pertinente y restringida a lo necesario. Estos datos se mantienen actualizados.<\/p>\n<p>3. A menos que se especifique lo contrario por escrito al Responsable de Protecci\u00f3n de Datos (RPD) mencionado a continuaci\u00f3n, todos los interesados dan su consentimiento (art\u00edculo 6 \u00a71, par. a del GDPR), marcando la casilla prevista a tal efecto en nuestro sitio web, para el tratamiento de sus datos personales que son esenciales para prestar los siguientes servicios:<\/p>\n<p>comunicaci\u00f3n de informaci\u00f3n relativa a los servicios, productos y actividades de BUZON PEDESTAL INTERNATIONAL SA,<\/p>\n<p>distribuci\u00f3n de boletines informativos,<\/p>\n<p>notificaci\u00f3n y actividades promocionales relativas a los productos y servicios de BUZON PEDESTAL INTERNATIONAL SA,<\/p>\n<p>actividades de investigaci\u00f3n de mercado<\/p>\n<p>gesti\u00f3n de clientes,<\/p>\n<p>emisi\u00f3n, cobro y verificaci\u00f3n de facturas,<\/p>\n<p>f<\/p>\n<\/div><\/div><\/div><\/div><\/div><\/div><\/div><\/section>","protected":false},"excerpt":{"rendered":"AVISOS LEGALES Y POL\u00cdTICA DE CONFIDENCIALIDAD PROPIEDAD INTELECTUAL &nbsp; BUZON PEDESTAL INTERNATIONAL S.A. Zoning Industriel des Hauts-Sarts 4\u00e8me Avenue, 25 4040 Herstal B\u00e9lgica Banque Carrefour des Entreprises [Base de datos de empresas belgas] 0430 058 210 Tel: +32 4 248 39 83 Correo electr\u00f3nico: julie.bourchis@buzon-world.com BUZON es una marca registrada en el Benelux, Europa y...","protected":false},"author":1,"featured_media":0,"parent":0,"menu_order":0,"comment_status":"closed","ping_status":"closed","template":"","meta":{"_acf_changed":false,"footnotes":""},"accesories_category":[],"sizes":[],"plot_serie":[],"accesories_category_type":[],"accessories_categories_subtype":[],"accessories_categories_applica":[],"class_list":["post-54078","page","type-page","status-publish","hentry"],"acf":[],"yoast_head":"<!-- This site is optimized with the Yoast SEO plugin v26.3 - https:\/\/yoast.com\/wordpress\/plugins\/seo\/ -->\n<title>Pol\u00edtica de privacidad - Buzon USA<\/title>\n<meta name=\"robots\" content=\"index, follow, max-snippet:-1, max-image-preview:large, max-video-preview:-1\" \/>\n<link rel=\"canonical\" href=\"https:\/\/buzonusa.us\/es\/politica-de-privacidad\/\" \/>\n<meta property=\"og:locale\" content=\"es_ES\" \/>\n<meta property=\"og:type\" content=\"article\" \/>\n<meta property=\"og:title\" content=\"Pol\u00edtica de privacidad - Buzon USA\" \/>\n<meta property=\"og:url\" content=\"https:\/\/buzonusa.us\/es\/politica-de-privacidad\/\" \/>\n<meta property=\"og:site_name\" content=\"Buzon USA\" \/>\n<meta property=\"article:modified_time\" content=\"2025-06-18T15:11:06+00:00\" \/>\n<meta name=\"twitter:card\" content=\"summary_large_image\" \/>\n<meta name=\"twitter:label1\" content=\"Tiempo de lectura\" \/>\n\t<meta name=\"twitter:data1\" content=\"4 minutos\" \/>\n<script type=\"application\/ld+json\" class=\"yoast-schema-graph\">{\"@context\":\"https:\/\/schema.org\",\"@graph\":[{\"@type\":\"WebPage\",\"@id\":\"https:\/\/buzonusa.us\/es\/politica-de-privacidad\/\",\"url\":\"https:\/\/buzonusa.us\/es\/politica-de-privacidad\/\",\"name\":\"Pol\u00edtica de privacidad - Buzon USA\",\"isPartOf\":{\"@id\":\"https:\/\/buzonusa.us\/#website\"},\"datePublished\":\"2022-07-04T19:06:58+00:00\",\"dateModified\":\"2025-06-18T15:11:06+00:00\",\"breadcrumb\":{\"@id\":\"https:\/\/buzonusa.us\/es\/politica-de-privacidad\/#breadcrumb\"},\"inLanguage\":\"es\",\"potentialAction\":[{\"@type\":\"ReadAction\",\"target\":[\"https:\/\/buzonusa.us\/es\/politica-de-privacidad\/\"]}]},{\"@type\":\"BreadcrumbList\",\"@id\":\"https:\/\/buzonusa.us\/es\/politica-de-privacidad\/#breadcrumb\",\"itemListElement\":[{\"@type\":\"ListItem\",\"position\":1,\"name\":\"Home\",\"item\":\"https:\/\/buzonusa.us\/es\/\"},{\"@type\":\"ListItem\",\"position\":2,\"name\":\"Pol\u00edtica de privacidad\"}]},{\"@type\":\"WebSite\",\"@id\":\"https:\/\/buzonusa.us\/#website\",\"url\":\"https:\/\/buzonusa.us\/\",\"name\":\"Buzon USA\",\"description\":\"\",\"potentialAction\":[{\"@type\":\"SearchAction\",\"target\":{\"@type\":\"EntryPoint\",\"urlTemplate\":\"https:\/\/buzonusa.us\/?s={search_term_string}\"},\"query-input\":{\"@type\":\"PropertyValueSpecification\",\"valueRequired\":true,\"valueName\":\"search_term_string\"}}],\"inLanguage\":\"es\"}]}<\/script>\n<!-- \/ Yoast SEO plugin. -->","yoast_head_json":{"title":"Pol\u00edtica de privacidad - Buzon USA","robots":{"index":"index","follow":"follow","max-snippet":"max-snippet:-1","max-image-preview":"max-image-preview:large","max-video-preview":"max-video-preview:-1"},"canonical":"https:\/\/buzonusa.us\/es\/politica-de-privacidad\/","og_locale":"es_ES","og_type":"article","og_title":"Pol\u00edtica de privacidad - Buzon USA","og_url":"https:\/\/buzonusa.us\/es\/politica-de-privacidad\/","og_site_name":"Buzon USA","article_modified_time":"2025-06-18T15:11:06+00:00","twitter_card":"summary_large_image","twitter_misc":{"Tiempo de lectura":"4 minutos"},"schema":{"@context":"https:\/\/schema.org","@graph":[{"@type":"WebPage","@id":"https:\/\/buzonusa.us\/es\/politica-de-privacidad\/","url":"https:\/\/buzonusa.us\/es\/politica-de-privacidad\/","name":"Pol\u00edtica de privacidad - Buzon USA","isPartOf":{"@id":"https:\/\/buzonusa.us\/#website"},"datePublished":"2022-07-04T19:06:58+00:00","dateModified":"2025-06-18T15:11:06+00:00","breadcrumb":{"@id":"https:\/\/buzonusa.us\/es\/politica-de-privacidad\/#breadcrumb"},"inLanguage":"es","potentialAction":[{"@type":"ReadAction","target":["https:\/\/buzonusa.us\/es\/politica-de-privacidad\/"]}]},{"@type":"BreadcrumbList","@id":"https:\/\/buzonusa.us\/es\/politica-de-privacidad\/#breadcrumb","itemListElement":[{"@type":"ListItem","position":1,"name":"Home","item":"https:\/\/buzonusa.us\/es\/"},{"@type":"ListItem","position":2,"name":"Pol\u00edtica de privacidad"}]},{"@type":"WebSite","@id":"https:\/\/buzonusa.us\/#website","url":"https:\/\/buzonusa.us\/","name":"Buzon USA","description":"","potentialAction":[{"@type":"SearchAction","target":{"@type":"EntryPoint","urlTemplate":"https:\/\/buzonusa.us\/?s={search_term_string}"},"query-input":{"@type":"PropertyValueSpecification","valueRequired":true,"valueName":"search_term_string"}}],"inLanguage":"es"}]}},"_links":{"self":[{"href":"https:\/\/buzonusa.us\/es\/wp-json\/wp\/v2\/pages\/54078","targetHints":{"allow":["GET"]}}],"collection":[{"href":"https:\/\/buzonusa.us\/es\/wp-json\/wp\/v2\/pages"}],"about":[{"href":"https:\/\/buzonusa.us\/es\/wp-json\/wp\/v2\/types\/page"}],"author":[{"embeddable":true,"href":"https:\/\/buzonusa.us\/es\/wp-json\/wp\/v2\/users\/1"}],"replies":[{"embeddable":true,"href":"https:\/\/buzonusa.us\/es\/wp-json\/wp\/v2\/comments?post=54078"}],"version-history":[{"count":3,"href":"https:\/\/buzonusa.us\/es\/wp-json\/wp\/v2\/pages\/54078\/revisions"}],"predecessor-version":[{"id":57163,"href":"https:\/\/buzonusa.us\/es\/wp-json\/wp\/v2\/pages\/54078\/revisions\/57163"}],"wp:attachment":[{"href":"https:\/\/buzonusa.us\/es\/wp-json\/wp\/v2\/media?parent=54078"}],"wp:term":[{"taxonomy":"accesories_category","embeddable":true,"href":"https:\/\/buzonusa.us\/es\/wp-json\/wp\/v2\/accesories_category?post=54078"},{"taxonomy":"sizes","embeddable":true,"href":"https:\/\/buzonusa.us\/es\/wp-json\/wp\/v2\/sizes?post=54078"},{"taxonomy":"plot_serie","embeddable":true,"href":"https:\/\/buzonusa.us\/es\/wp-json\/wp\/v2\/plot_serie?post=54078"},{"taxonomy":"accesories_category_type","embeddable":true,"href":"https:\/\/buzonusa.us\/es\/wp-json\/wp\/v2\/accesories_category_type?post=54078"},{"taxonomy":"accessories_categories_subtype","embeddable":true,"href":"https:\/\/buzonusa.us\/es\/wp-json\/wp\/v2\/accessories_categories_subtype?post=54078"},{"taxonomy":"accessories_categories_applica","embeddable":true,"href":"https:\/\/buzonusa.us\/es\/wp-json\/wp\/v2\/accessories_categories_applica?post=54078"}],"curies":[{"name":"wp","href":"https:\/\/api.w.org\/{rel}","templated":true}]}}