{"id":54072,"date":"2022-07-05T15:25:44","date_gmt":"2022-07-05T19:25:44","guid":{"rendered":"https:\/\/buzonusa.us\/pedestales\/"},"modified":"2025-06-18T06:13:10","modified_gmt":"2025-06-18T10:13:10","slug":"pedestales","status":"publish","type":"page","link":"https:\/\/buzonusa.us\/es\/productos\/pedestales\/","title":{"rendered":"Pedestales"},"content":{"rendered":"<section class=\"l-section wpb_row height_medium\"><div class=\"l-section-h i-cf\"><div class=\"g-cols vc_row via_flex valign_top type_default stacking_default\"><div class=\"vc_col-sm-12 wpb_column vc_column_container\"><div class=\"vc_column-inner\"><div class=\"wpb_wrapper\"><div class=\"wpb_text_column longline\"><div class=\"wpb_wrapper\"><h1>Cocina de pie Buzon<\/h1>\n<\/div><\/div><div class=\"w-separator size_medium\"><\/div><div class=\"w-grid shadowgrid type_grid layout_813 cols_2 preload_style_spinner\" id=\"us_grid_1\" style=\"--columns:2;--gap:1.5rem;\"><style>@media (max-width:767px){#us_grid_1{--columns:1!important}}.layout_813 .w-grid-item-h{}.layout_813 .usg_post_title_1{margin-bottom:20px!important}<\/style><div class=\"w-grid-list\">\t<article class=\"w-grid-item size_1x1 post-54448 page type-page status-publish has-post-thumbnail hentry\" data-id=\"54448\">\r\n\t\t<div class=\"w-grid-item-h\">\r\n\t\t\t\t\t\t<div class=\"w-hwrapper usg_hwrapper_1 flex4060 align_none valign_middle\" style=\"--hwrapper-gap:2rem\"><div class=\"w-post-elm post_image usg_post_image_1 has_ratio\"><a href=\"https:\/\/buzonusa.us\/es\/productos\/pedestales\/serie-pb\/\" aria-label=\"Serie PB\"><img loading=\"lazy\" decoding=\"async\" width=\"595\" height=\"303\" src=\"https:\/\/buzonusa.us\/wp-content\/uploads\/2023\/05\/overview-page-PB-PEDESTAL-PB.png\" class=\"attachment-large size-large wp-post-image\" alt=\"\" \/><\/a><div style=\"padding-bottom:100%\"><\/div><\/div><div class=\"w-vwrapper usg_vwrapper_1 align_none valign_top\"><h3 class=\"w-post-elm post_title usg_post_title_1 shortline entry-title color_link_inherit\"><a href=\"https:\/\/buzonusa.us\/es\/productos\/pedestales\/serie-pb\/\">Serie PB<\/a><\/h3><div class=\"w-post-elm post_custom_field usg_post_custom_field_1 type_text excerpt color_link_inherit\"><span class=\"w-post-elm-value\">PB: Pedestales de polipropileno para terrazas dom\u00e9sticas<\/span><\/div><\/div><\/div><a class=\"w-btn us-btn-style_3 usg_btn_1 buttonabsoluterightbottom icon_atright\" href=\"https:\/\/buzonusa.us\/es\/productos\/pedestales\/serie-pb\/\"><span class=\"w-btn-label\">Descubra la l\u00ednea de productos<\/span><i class=\"fas fa-chevron-right\"><\/i><\/a>\t\t<\/div>\r\n\t\t\t<\/article>\r\n\t<article class=\"w-grid-item size_1x1 post-54441 page type-page status-publish has-post-thumbnail hentry\" data-id=\"54441\">\r\n\t\t<div class=\"w-grid-item-h\">\r\n\t\t\t\t\t\t<div class=\"w-hwrapper usg_hwrapper_1 flex4060 align_none valign_middle\" style=\"--hwrapper-gap:2rem\"><div class=\"w-post-elm post_image usg_post_image_1 has_ratio\"><a href=\"https:\/\/buzonusa.us\/es\/productos\/pedestales\/serie-dph\/\" aria-label=\"Serie DPH\"><img loading=\"lazy\" decoding=\"async\" width=\"595\" height=\"303\" src=\"https:\/\/buzonusa.us\/wp-content\/uploads\/2023\/05\/overview-page-DPH-PEDESTAL-DPH.png\" class=\"attachment-large size-large wp-post-image\" alt=\"\" \/><\/a><div style=\"padding-bottom:100%\"><\/div><\/div><div class=\"w-vwrapper usg_vwrapper_1 align_none valign_top\"><h3 class=\"w-post-elm post_title usg_post_title_1 shortline entry-title color_link_inherit\"><a href=\"https:\/\/buzonusa.us\/es\/productos\/pedestales\/serie-dph\/\">Serie DPH<\/a><\/h3><div class=\"w-post-elm post_custom_field usg_post_custom_field_1 type_text excerpt color_link_inherit\"><p>DPH: Polypropylene pedestals<br \/>\nfor public spaces<\/p>\n<\/div><\/div><\/div><a class=\"w-btn us-btn-style_3 usg_btn_1 buttonabsoluterightbottom icon_atright\" href=\"https:\/\/buzonusa.us\/es\/productos\/pedestales\/serie-dph\/\"><span class=\"w-btn-label\">Descubra la l\u00ednea de productos<\/span><i class=\"fas fa-chevron-right\"><\/i><\/a>\t\t<\/div>\r\n\t\t\t<\/article>\r\n<\/div><div class=\"w-grid-preloader\">\t<div class=\"g-preloader type_1\">\r\n\t\t<div><\/div>\r\n\t<\/div>\r\n\t<\/div>\t<div class=\"w-grid-json hidden\" onclick='return {&quot;action&quot;:&quot;us_ajax_grid&quot;,&quot;infinite_scroll&quot;:0,&quot;max_num_pages&quot;:1,&quot;pagination&quot;:&quot;none&quot;,&quot;template_vars&quot;:{&quot;columns&quot;:&quot;2&quot;,&quot;exclude_items&quot;:&quot;none&quot;,&quot;img_size&quot;:&quot;default&quot;,&quot;ignore_items_size&quot;:0,&quot;items_layout&quot;:&quot;813&quot;,&quot;items_offset&quot;:&quot;1&quot;,&quot;load_animation&quot;:&quot;none&quot;,&quot;overriding_link&quot;:&quot;{\\&quot;url\\&quot;:\\&quot;\\&quot;}&quot;,&quot;post_id&quot;:0,&quot;query_args&quot;:{&quot;ignore_sticky_posts&quot;:1,&quot;post_type&quot;:&quot;any&quot;,&quot;post__in&quot;:[&quot;60&quot;,&quot;62&quot;,&quot;64&quot;],&quot;posts_per_page&quot;:&quot;10&quot;},&quot;orderby_query_args&quot;:{&quot;orderby&quot;:{&quot;post__in&quot;:&quot;ASC&quot;},&quot;order&quot;:&quot;ASC&quot;},&quot;type&quot;:&quot;grid&quot;,&quot;us_grid_post_type&quot;:&quot;ids&quot;,&quot;us_grid_ajax_index&quot;:1,&quot;us_grid_filter_query_string&quot;:null,&quot;us_grid_index&quot;:1,&quot;page_args&quot;:[],&quot;lang&quot;:&quot;es&quot;}}'><\/div>\r\n\t<\/div><\/div><\/div><\/div><\/div><\/div><\/section>\n","protected":false},"excerpt":{"rendered":"[vc_raw_html]W3dwc2VvX2JyZWFkY3J1bWJdCg==[\/vc_raw_html]SERIE DPH El pedestal DPH destaca en la familia de pedestales Buzon por su incomparable resistencia y versatilidad. Con ajustes de altura que van de 1 5\/16 \u201ca 42 1\/8\u201d, el pedestal DPH es la soluci\u00f3n ideal para crear suelos elevados duraderos en espacios comerciales y entornos abiertos. Dise\u00f1ado para soportar revestimientos de suelo m\u00e1s...","protected":false},"author":1,"featured_media":44851,"parent":54076,"menu_order":0,"comment_status":"closed","ping_status":"closed","template":"","meta":{"_acf_changed":false,"footnotes":""},"accesories_category":[],"sizes":[],"plot_serie":[],"accesories_category_type":[],"accessories_categories_subtype":[],"accessories_categories_applica":[],"class_list":["post-54072","page","type-page","status-publish","has-post-thumbnail","hentry"],"acf":[],"yoast_head":"<!-- This site is optimized with the Yoast SEO plugin v26.3 - https:\/\/yoast.com\/wordpress\/plugins\/seo\/ -->\n<title>Pedestales | Pedestales Buzon World para terrazas y baldosas<\/title>\n<meta name=\"description\" content=\"Descubre nuestra amplia gama de pedestales y las m\u00faltiples aplicaciones para todo tipo de terrazas y baldosas. 30 a\u00f1os de experiencia a tu servicio.\" \/>\n<meta name=\"robots\" content=\"index, follow, max-snippet:-1, max-image-preview:large, max-video-preview:-1\" \/>\n<link rel=\"canonical\" href=\"https:\/\/buzonusa.us\/es\/productos\/pedestales\/\" \/>\n<meta property=\"og:locale\" content=\"es_ES\" \/>\n<meta property=\"og:type\" content=\"article\" \/>\n<meta property=\"og:title\" content=\"Pedestales | Pedestales Buzon World para terrazas y baldosas\" \/>\n<meta property=\"og:description\" content=\"Descubre nuestra amplia gama de pedestales y las m\u00faltiples aplicaciones para todo tipo de terrazas y baldosas. 30 a\u00f1os de experiencia a tu servicio.\" \/>\n<meta property=\"og:url\" content=\"https:\/\/buzonusa.us\/es\/productos\/pedestales\/\" \/>\n<meta property=\"og:site_name\" content=\"Buzon USA\" \/>\n<meta property=\"article:modified_time\" content=\"2025-06-18T10:13:10+00:00\" \/>\n<meta property=\"og:image\" content=\"https:\/\/buzonusa.us\/wp-content\/uploads\/2022\/10\/PB-series.jpg\" \/>\n\t<meta property=\"og:image:width\" content=\"945\" \/>\n\t<meta property=\"og:image:height\" content=\"945\" \/>\n\t<meta property=\"og:image:type\" content=\"image\/jpeg\" \/>\n<meta name=\"twitter:card\" content=\"summary_large_image\" \/>\n<script type=\"application\/ld+json\" class=\"yoast-schema-graph\">{\"@context\":\"https:\/\/schema.org\",\"@graph\":[{\"@type\":\"WebPage\",\"@id\":\"https:\/\/buzonusa.us\/es\/productos\/pedestales\/\",\"url\":\"https:\/\/buzonusa.us\/es\/productos\/pedestales\/\",\"name\":\"Pedestales | Pedestales Buzon World para terrazas y baldosas\",\"isPartOf\":{\"@id\":\"https:\/\/buzonusa.us\/#website\"},\"primaryImageOfPage\":{\"@id\":\"https:\/\/buzonusa.us\/es\/productos\/pedestales\/#primaryimage\"},\"image\":{\"@id\":\"https:\/\/buzonusa.us\/es\/productos\/pedestales\/#primaryimage\"},\"thumbnailUrl\":\"https:\/\/buzonusa.us\/wp-content\/uploads\/2022\/10\/PB-series.jpg\",\"datePublished\":\"2022-07-05T19:25:44+00:00\",\"dateModified\":\"2025-06-18T10:13:10+00:00\",\"description\":\"Descubre nuestra amplia gama de pedestales y las m\u00faltiples aplicaciones para todo tipo de terrazas y baldosas. 30 a\u00f1os de experiencia a tu servicio.\",\"breadcrumb\":{\"@id\":\"https:\/\/buzonusa.us\/es\/productos\/pedestales\/#breadcrumb\"},\"inLanguage\":\"es\",\"potentialAction\":[{\"@type\":\"ReadAction\",\"target\":[\"https:\/\/buzonusa.us\/es\/productos\/pedestales\/\"]}]},{\"@type\":\"ImageObject\",\"inLanguage\":\"es\",\"@id\":\"https:\/\/buzonusa.us\/es\/productos\/pedestales\/#primaryimage\",\"url\":\"https:\/\/buzonusa.us\/wp-content\/uploads\/2022\/10\/PB-series.jpg\",\"contentUrl\":\"https:\/\/buzonusa.us\/wp-content\/uploads\/2022\/10\/PB-series.jpg\",\"width\":945,\"height\":945},{\"@type\":\"BreadcrumbList\",\"@id\":\"https:\/\/buzonusa.us\/es\/productos\/pedestales\/#breadcrumb\",\"itemListElement\":[{\"@type\":\"ListItem\",\"position\":1,\"name\":\"Home\",\"item\":\"https:\/\/buzonusa.us\/es\/\"},{\"@type\":\"ListItem\",\"position\":2,\"name\":\"Productos\",\"item\":\"https:\/\/buzonusa.us\/es\/productos\/\"},{\"@type\":\"ListItem\",\"position\":3,\"name\":\"Pedestales\"}]},{\"@type\":\"WebSite\",\"@id\":\"https:\/\/buzonusa.us\/#website\",\"url\":\"https:\/\/buzonusa.us\/\",\"name\":\"Buzon USA\",\"description\":\"\",\"potentialAction\":[{\"@type\":\"SearchAction\",\"target\":{\"@type\":\"EntryPoint\",\"urlTemplate\":\"https:\/\/buzonusa.us\/?s={search_term_string}\"},\"query-input\":{\"@type\":\"PropertyValueSpecification\",\"valueRequired\":true,\"valueName\":\"search_term_string\"}}],\"inLanguage\":\"es\"}]}<\/script>\n<!-- \/ Yoast SEO plugin. -->","yoast_head_json":{"title":"Pedestales | Pedestales Buzon World para terrazas y baldosas","description":"Descubre nuestra amplia gama de pedestales y las m\u00faltiples aplicaciones para todo tipo de terrazas y baldosas. 30 a\u00f1os de experiencia a tu servicio.","robots":{"index":"index","follow":"follow","max-snippet":"max-snippet:-1","max-image-preview":"max-image-preview:large","max-video-preview":"max-video-preview:-1"},"canonical":"https:\/\/buzonusa.us\/es\/productos\/pedestales\/","og_locale":"es_ES","og_type":"article","og_title":"Pedestales | Pedestales Buzon World para terrazas y baldosas","og_description":"Descubre nuestra amplia gama de pedestales y las m\u00faltiples aplicaciones para todo tipo de terrazas y baldosas. 30 a\u00f1os de experiencia a tu servicio.","og_url":"https:\/\/buzonusa.us\/es\/productos\/pedestales\/","og_site_name":"Buzon USA","article_modified_time":"2025-06-18T10:13:10+00:00","og_image":[{"width":945,"height":945,"url":"https:\/\/buzonusa.us\/wp-content\/uploads\/2022\/10\/PB-series.jpg","type":"image\/jpeg"}],"twitter_card":"summary_large_image","schema":{"@context":"https:\/\/schema.org","@graph":[{"@type":"WebPage","@id":"https:\/\/buzonusa.us\/es\/productos\/pedestales\/","url":"https:\/\/buzonusa.us\/es\/productos\/pedestales\/","name":"Pedestales | Pedestales Buzon World para terrazas y baldosas","isPartOf":{"@id":"https:\/\/buzonusa.us\/#website"},"primaryImageOfPage":{"@id":"https:\/\/buzonusa.us\/es\/productos\/pedestales\/#primaryimage"},"image":{"@id":"https:\/\/buzonusa.us\/es\/productos\/pedestales\/#primaryimage"},"thumbnailUrl":"https:\/\/buzonusa.us\/wp-content\/uploads\/2022\/10\/PB-series.jpg","datePublished":"2022-07-05T19:25:44+00:00","dateModified":"2025-06-18T10:13:10+00:00","description":"Descubre nuestra amplia gama de pedestales y las m\u00faltiples aplicaciones para todo tipo de terrazas y baldosas. 30 a\u00f1os de experiencia a tu servicio.","breadcrumb":{"@id":"https:\/\/buzonusa.us\/es\/productos\/pedestales\/#breadcrumb"},"inLanguage":"es","potentialAction":[{"@type":"ReadAction","target":["https:\/\/buzonusa.us\/es\/productos\/pedestales\/"]}]},{"@type":"ImageObject","inLanguage":"es","@id":"https:\/\/buzonusa.us\/es\/productos\/pedestales\/#primaryimage","url":"https:\/\/buzonusa.us\/wp-content\/uploads\/2022\/10\/PB-series.jpg","contentUrl":"https:\/\/buzonusa.us\/wp-content\/uploads\/2022\/10\/PB-series.jpg","width":945,"height":945},{"@type":"BreadcrumbList","@id":"https:\/\/buzonusa.us\/es\/productos\/pedestales\/#breadcrumb","itemListElement":[{"@type":"ListItem","position":1,"name":"Home","item":"https:\/\/buzonusa.us\/es\/"},{"@type":"ListItem","position":2,"name":"Productos","item":"https:\/\/buzonusa.us\/es\/productos\/"},{"@type":"ListItem","position":3,"name":"Pedestales"}]},{"@type":"WebSite","@id":"https:\/\/buzonusa.us\/#website","url":"https:\/\/buzonusa.us\/","name":"Buzon USA","description":"","potentialAction":[{"@type":"SearchAction","target":{"@type":"EntryPoint","urlTemplate":"https:\/\/buzonusa.us\/?s={search_term_string}"},"query-input":{"@type":"PropertyValueSpecification","valueRequired":true,"valueName":"search_term_string"}}],"inLanguage":"es"}]}},"_links":{"self":[{"href":"https:\/\/buzonusa.us\/es\/wp-json\/wp\/v2\/pages\/54072","targetHints":{"allow":["GET"]}}],"collection":[{"href":"https:\/\/buzonusa.us\/es\/wp-json\/wp\/v2\/pages"}],"about":[{"href":"https:\/\/buzonusa.us\/es\/wp-json\/wp\/v2\/types\/page"}],"author":[{"embeddable":true,"href":"https:\/\/buzonusa.us\/es\/wp-json\/wp\/v2\/users\/1"}],"replies":[{"embeddable":true,"href":"https:\/\/buzonusa.us\/es\/wp-json\/wp\/v2\/comments?post=54072"}],"version-history":[{"count":2,"href":"https:\/\/buzonusa.us\/es\/wp-json\/wp\/v2\/pages\/54072\/revisions"}],"predecessor-version":[{"id":54075,"href":"https:\/\/buzonusa.us\/es\/wp-json\/wp\/v2\/pages\/54072\/revisions\/54075"}],"up":[{"embeddable":true,"href":"https:\/\/buzonusa.us\/es\/wp-json\/wp\/v2\/pages\/54076"}],"wp:featuredmedia":[{"embeddable":true,"href":"https:\/\/buzonusa.us\/es\/wp-json\/wp\/v2\/media\/44851"}],"wp:attachment":[{"href":"https:\/\/buzonusa.us\/es\/wp-json\/wp\/v2\/media?parent=54072"}],"wp:term":[{"taxonomy":"accesories_category","embeddable":true,"href":"https:\/\/buzonusa.us\/es\/wp-json\/wp\/v2\/accesories_category?post=54072"},{"taxonomy":"sizes","embeddable":true,"href":"https:\/\/buzonusa.us\/es\/wp-json\/wp\/v2\/sizes?post=54072"},{"taxonomy":"plot_serie","embeddable":true,"href":"https:\/\/buzonusa.us\/es\/wp-json\/wp\/v2\/plot_serie?post=54072"},{"taxonomy":"accesories_category_type","embeddable":true,"href":"https:\/\/buzonusa.us\/es\/wp-json\/wp\/v2\/accesories_category_type?post=54072"},{"taxonomy":"accessories_categories_subtype","embeddable":true,"href":"https:\/\/buzonusa.us\/es\/wp-json\/wp\/v2\/accessories_categories_subtype?post=54072"},{"taxonomy":"accessories_categories_applica","embeddable":true,"href":"https:\/\/buzonusa.us\/es\/wp-json\/wp\/v2\/accessories_categories_applica?post=54072"}],"curies":[{"name":"wp","href":"https:\/\/api.w.org\/{rel}","templated":true}]}}